{"id":10742,"date":"2023-08-28T16:45:20","date_gmt":"2023-08-28T15:45:20","guid":{"rendered":"https:\/\/baralivres.ma\/?post_type=product&#038;p=10742"},"modified":"2024-10-29T13:29:37","modified_gmt":"2024-10-29T12:29:37","slug":"ma-pochette-dactivites-100-olaf","status":"publish","type":"product","link":"https:\/\/baralivres.ma\/?product=ma-pochette-dactivites-100-olaf","title":{"rendered":"Ma pochette d&rsquo;activit\u00e9s 100 % Olaf"},"content":{"rendered":"<p>Une pochette de loisir cr\u00e9atif pour jouer avec son personnage Disney pr\u00e9f\u00e9r\u00e9 ! Une pochette d&rsquo;accessoires 100 % Olaf, gr\u00e2ce \u00e0 laquelle l&rsquo;enfant pourra d\u00e9velopper sa cr\u00e9ativit\u00e9 en s&rsquo;amusant avec le bonhomme de neige. Contient : 1 masque d&rsquo;Olaf avec \u00e9lastique, 3 tableaux \u00e0 gratter, 1 stylet, 3 tableaux \u00e0 d\u00e9corer, 200 sequins, 1 livret de mode d&#8217;emploi et de coloriages, + de 100 stickers. D\u00e8s 5 ans.<\/p>\n","protected":false},"excerpt":{"rendered":"<p>Une pochette d\u2019accessoires 100 % Olaf, gr\u00e2ce \u00e0 laquelle l\u2019enfant pourra d\u00e9velopper sa cr\u00e9ativit\u00e9 en s\u2019amusant avec le bonhomme de neige.<\/p>\n","protected":false},"featured_media":10743,"comment_status":"open","ping_status":"closed","template":"","meta":{"inline_featured_image":false},"product_cat":[3875,215,201,210,200],"product_tag":[],"class_list":{"0":"post-10742","1":"product","2":"type-product","3":"status-publish","4":"has-post-thumbnail","6":"product_cat-coffret-francais","7":"product_cat-enfant","8":"product_cat-coffret","9":"product_cat-activites-bebe-enfant","10":"product_cat-activites","12":"first","13":"instock","14":"shipping-taxable","15":"purchasable","16":"product-type-simple"},"_links":{"self":[{"href":"https:\/\/baralivres.ma\/index.php?rest_route=\/wp\/v2\/product\/10742","targetHints":{"allow":["GET"]}}],"collection":[{"href":"https:\/\/baralivres.ma\/index.php?rest_route=\/wp\/v2\/product"}],"about":[{"href":"https:\/\/baralivres.ma\/index.php?rest_route=\/wp\/v2\/types\/product"}],"replies":[{"embeddable":true,"href":"https:\/\/baralivres.ma\/index.php?rest_route=%2Fwp%2Fv2%2Fcomments&post=10742"}],"version-history":[{"count":1,"href":"https:\/\/baralivres.ma\/index.php?rest_route=\/wp\/v2\/product\/10742\/revisions"}],"predecessor-version":[{"id":10745,"href":"https:\/\/baralivres.ma\/index.php?rest_route=\/wp\/v2\/product\/10742\/revisions\/10745"}],"wp:featuredmedia":[{"embeddable":true,"href":"https:\/\/baralivres.ma\/index.php?rest_route=\/wp\/v2\/media\/10743"}],"wp:attachment":[{"href":"https:\/\/baralivres.ma\/index.php?rest_route=%2Fwp%2Fv2%2Fmedia&parent=10742"}],"wp:term":[{"taxonomy":"product_cat","embeddable":true,"href":"https:\/\/baralivres.ma\/index.php?rest_route=%2Fwp%2Fv2%2Fproduct_cat&post=10742"},{"taxonomy":"product_tag","embeddable":true,"href":"https:\/\/baralivres.ma\/index.php?rest_route=%2Fwp%2Fv2%2Fproduct_tag&post=10742"}],"curies":[{"name":"wp","href":"https:\/\/api.w.org\/{rel}","templated":true}]}}