{"id":10741,"date":"2023-08-28T16:45:21","date_gmt":"2023-08-28T15:45:21","guid":{"rendered":"https:\/\/baralivres.ma\/?post_type=product&#038;p=10741"},"modified":"2024-11-18T17:02:03","modified_gmt":"2024-11-18T16:02:03","slug":"pepe-roni","status":"publish","type":"product","link":"https:\/\/baralivres.ma\/?product=pepe-roni","title":{"rendered":"P\u00e9p\u00e9 Roni"},"content":{"rendered":"<p>Comme elle est triste la rue Morose. Comme ils sont mornes ses habitants. Rien ne va plus ! Heureusement, le pizza\u00efolo retrait\u00e9 P\u00e9p\u00e9 Roni a dans sa cave quelques \u00e9pices aux piquantes saveurs qui devraient en \u00e9gayer plus d&rsquo;un ! La mission de P\u00e9p\u00e9 Roni : pimenter la vie !<\/p>\n","protected":false},"excerpt":{"rendered":"<p>Comme elle est triste la rue Morose. Comme ils sont mornes ses habitants. Rien ne va plus !<\/p>\n","protected":false},"featured_media":10744,"comment_status":"open","ping_status":"closed","template":"","meta":{"inline_featured_image":false},"product_cat":[3877,199],"product_tag":[],"class_list":{"0":"post-10741","1":"product","2":"type-product","3":"status-publish","4":"has-post-thumbnail","6":"product_cat-les-histoires-francais","7":"product_cat-histoires","9":"first","10":"instock","11":"shipping-taxable","12":"purchasable","13":"product-type-simple"},"_links":{"self":[{"href":"https:\/\/baralivres.ma\/index.php?rest_route=\/wp\/v2\/product\/10741","targetHints":{"allow":["GET"]}}],"collection":[{"href":"https:\/\/baralivres.ma\/index.php?rest_route=\/wp\/v2\/product"}],"about":[{"href":"https:\/\/baralivres.ma\/index.php?rest_route=\/wp\/v2\/types\/product"}],"replies":[{"embeddable":true,"href":"https:\/\/baralivres.ma\/index.php?rest_route=%2Fwp%2Fv2%2Fcomments&post=10741"}],"version-history":[{"count":2,"href":"https:\/\/baralivres.ma\/index.php?rest_route=\/wp\/v2\/product\/10741\/revisions"}],"predecessor-version":[{"id":10751,"href":"https:\/\/baralivres.ma\/index.php?rest_route=\/wp\/v2\/product\/10741\/revisions\/10751"}],"wp:featuredmedia":[{"embeddable":true,"href":"https:\/\/baralivres.ma\/index.php?rest_route=\/wp\/v2\/media\/10744"}],"wp:attachment":[{"href":"https:\/\/baralivres.ma\/index.php?rest_route=%2Fwp%2Fv2%2Fmedia&parent=10741"}],"wp:term":[{"taxonomy":"product_cat","embeddable":true,"href":"https:\/\/baralivres.ma\/index.php?rest_route=%2Fwp%2Fv2%2Fproduct_cat&post=10741"},{"taxonomy":"product_tag","embeddable":true,"href":"https:\/\/baralivres.ma\/index.php?rest_route=%2Fwp%2Fv2%2Fproduct_tag&post=10741"}],"curies":[{"name":"wp","href":"https:\/\/api.w.org\/{rel}","templated":true}]}}