{"id":10726,"date":"2024-10-30T08:52:13","date_gmt":"2024-10-30T07:52:13","guid":{"rendered":"https:\/\/baralivres.ma\/?post_type=product&#038;p=10726"},"modified":"2024-10-30T08:52:14","modified_gmt":"2024-10-30T07:52:14","slug":"300-gommettes-lettres-a-motifs","status":"publish","type":"product","link":"https:\/\/baralivres.ma\/?product=300-gommettes-lettres-a-motifs","title":{"rendered":"300 gommettes lettres \u00e0 motifs"},"content":{"rendered":"<p>300 gommettes autour des lettres, tri\u00e9es par couleur dans cinq petits compartiments et r\u00e9unies dans un joli petit \u00e9tui cadeau, pratique \u00e0 utiliser et \u00e0 ranger<\/p>\n","protected":false},"excerpt":{"rendered":"<p>300 gommettes autour des lettres, tri\u00e9es par couleur dans cinq petits compartiments et r\u00e9unies dans un joli petit \u00e9tui cadeau, pratique \u00e0 utiliser et \u00e0 ranger<\/p>\n","protected":false},"featured_media":10729,"comment_status":"open","ping_status":"closed","template":"","meta":{"inline_featured_image":false},"product_cat":[215,200],"product_tag":[],"class_list":{"0":"post-10726","1":"product","2":"type-product","3":"status-publish","4":"has-post-thumbnail","6":"product_cat-enfant","7":"product_cat-activites","9":"first","10":"instock","11":"shipping-taxable","12":"purchasable","13":"product-type-simple"},"_links":{"self":[{"href":"https:\/\/baralivres.ma\/index.php?rest_route=\/wp\/v2\/product\/10726","targetHints":{"allow":["GET"]}}],"collection":[{"href":"https:\/\/baralivres.ma\/index.php?rest_route=\/wp\/v2\/product"}],"about":[{"href":"https:\/\/baralivres.ma\/index.php?rest_route=\/wp\/v2\/types\/product"}],"replies":[{"embeddable":true,"href":"https:\/\/baralivres.ma\/index.php?rest_route=%2Fwp%2Fv2%2Fcomments&post=10726"}],"version-history":[{"count":1,"href":"https:\/\/baralivres.ma\/index.php?rest_route=\/wp\/v2\/product\/10726\/revisions"}],"predecessor-version":[{"id":10730,"href":"https:\/\/baralivres.ma\/index.php?rest_route=\/wp\/v2\/product\/10726\/revisions\/10730"}],"wp:featuredmedia":[{"embeddable":true,"href":"https:\/\/baralivres.ma\/index.php?rest_route=\/wp\/v2\/media\/10729"}],"wp:attachment":[{"href":"https:\/\/baralivres.ma\/index.php?rest_route=%2Fwp%2Fv2%2Fmedia&parent=10726"}],"wp:term":[{"taxonomy":"product_cat","embeddable":true,"href":"https:\/\/baralivres.ma\/index.php?rest_route=%2Fwp%2Fv2%2Fproduct_cat&post=10726"},{"taxonomy":"product_tag","embeddable":true,"href":"https:\/\/baralivres.ma\/index.php?rest_route=%2Fwp%2Fv2%2Fproduct_tag&post=10726"}],"curies":[{"name":"wp","href":"https:\/\/api.w.org\/{rel}","templated":true}]}}