{"id":10715,"date":"2023-08-28T16:18:58","date_gmt":"2023-08-28T15:18:58","guid":{"rendered":"https:\/\/baralivres.ma\/?post_type=product&#038;p=10715"},"modified":"2024-10-29T13:32:06","modified_gmt":"2024-10-29T12:32:06","slug":"la-belle-et-la-bete-les-ateliers","status":"publish","type":"product","link":"https:\/\/baralivres.ma\/?product=la-belle-et-la-bete-les-ateliers","title":{"rendered":"La Belle et la B\u00eate &#8211; Les ateliers"},"content":{"rendered":"<p>D\u00e9couvre la magie du film La Belle et la B\u00eate avec ces superbes coloriages ! Enl\u00e8ve le papier sur les zones correspondantes, puis d\u00e9pose les paillettes \u00e0 la surface de ton coloriage, et le tour est jou\u00e9 ! Ce coffret contient : 1 livre avec le mode d&#8217;emploi et plein d&rsquo;autres conseils, 5 tableaux \u00e0 pailleter et \u00e0 colorier, 6 tubes de paillettes, 1 spatule.<\/p>\n","protected":false},"excerpt":{"rendered":"<p>D\u00e9couvre la magie du film La Belle et la B\u00eate avec ces superbes coloriages ! Enl\u00e8ve le papier sur les zones correspondantes, puis d\u00e9pose les paillettes \u00e0 la surface de ton coloriage, et le tour est jou\u00e9 ! Ce coffret contient : 1 livre avec le mode d&#8217;emploi et plein d&rsquo;autres conseils, 5 tableaux \u00e0 [&hellip;]<\/p>\n","protected":false},"featured_media":10716,"comment_status":"open","ping_status":"closed","template":"","meta":{"inline_featured_image":false},"product_cat":[3875,215,201,210,200],"product_tag":[],"class_list":{"0":"post-10715","1":"product","2":"type-product","3":"status-publish","4":"has-post-thumbnail","6":"product_cat-coffret-francais","7":"product_cat-enfant","8":"product_cat-coffret","9":"product_cat-activites-bebe-enfant","10":"product_cat-activites","12":"first","13":"instock","14":"shipping-taxable","15":"purchasable","16":"product-type-simple"},"_links":{"self":[{"href":"https:\/\/baralivres.ma\/index.php?rest_route=\/wp\/v2\/product\/10715","targetHints":{"allow":["GET"]}}],"collection":[{"href":"https:\/\/baralivres.ma\/index.php?rest_route=\/wp\/v2\/product"}],"about":[{"href":"https:\/\/baralivres.ma\/index.php?rest_route=\/wp\/v2\/types\/product"}],"replies":[{"embeddable":true,"href":"https:\/\/baralivres.ma\/index.php?rest_route=%2Fwp%2Fv2%2Fcomments&post=10715"}],"version-history":[{"count":1,"href":"https:\/\/baralivres.ma\/index.php?rest_route=\/wp\/v2\/product\/10715\/revisions"}],"predecessor-version":[{"id":10717,"href":"https:\/\/baralivres.ma\/index.php?rest_route=\/wp\/v2\/product\/10715\/revisions\/10717"}],"wp:featuredmedia":[{"embeddable":true,"href":"https:\/\/baralivres.ma\/index.php?rest_route=\/wp\/v2\/media\/10716"}],"wp:attachment":[{"href":"https:\/\/baralivres.ma\/index.php?rest_route=%2Fwp%2Fv2%2Fmedia&parent=10715"}],"wp:term":[{"taxonomy":"product_cat","embeddable":true,"href":"https:\/\/baralivres.ma\/index.php?rest_route=%2Fwp%2Fv2%2Fproduct_cat&post=10715"},{"taxonomy":"product_tag","embeddable":true,"href":"https:\/\/baralivres.ma\/index.php?rest_route=%2Fwp%2Fv2%2Fproduct_tag&post=10715"}],"curies":[{"name":"wp","href":"https:\/\/api.w.org\/{rel}","templated":true}]}}