{"id":10712,"date":"2023-08-28T16:12:47","date_gmt":"2023-08-28T15:12:47","guid":{"rendered":"https:\/\/baralivres.ma\/?post_type=product&#038;p=10712"},"modified":"2024-11-06T18:35:48","modified_gmt":"2024-11-06T17:35:48","slug":"je-dessine-avec-les-mains","status":"publish","type":"product","link":"https:\/\/baralivres.ma\/?product=je-dessine-avec-les-mains","title":{"rendered":"Je dessine avec les mains"},"content":{"rendered":"<p>32 jolis animaux \u00e0 compl\u00e9ter&#8230; avec ses mains ! Gr\u00e2ce \u00e0 6 crayons pastels soies, l&rsquo;enfant fait le tour de sa main pour compl\u00e9ter les dessins, et peut ensuite colorer ses tableaux.<\/p>\n","protected":false},"excerpt":{"rendered":"<p>32 jolis animaux \u00e0 compl\u00e9ter&#8230; avec ses mains ! Gr\u00e2ce \u00e0 6 crayons pastels soies, l&rsquo;enfant fait le tour de sa main pour compl\u00e9ter les dessins, et peut ensuite colorer ses tableaux.<\/p>\n","protected":false},"featured_media":10713,"comment_status":"open","ping_status":"closed","template":"","meta":{"inline_featured_image":false},"product_cat":[3875,201,210,200],"product_tag":[],"class_list":{"0":"post-10712","1":"product","2":"type-product","3":"status-publish","4":"has-post-thumbnail","6":"product_cat-coffret-francais","7":"product_cat-coffret","8":"product_cat-activites-bebe-enfant","9":"product_cat-activites","11":"first","12":"instock","13":"shipping-taxable","14":"purchasable","15":"product-type-simple"},"_links":{"self":[{"href":"https:\/\/baralivres.ma\/index.php?rest_route=\/wp\/v2\/product\/10712","targetHints":{"allow":["GET"]}}],"collection":[{"href":"https:\/\/baralivres.ma\/index.php?rest_route=\/wp\/v2\/product"}],"about":[{"href":"https:\/\/baralivres.ma\/index.php?rest_route=\/wp\/v2\/types\/product"}],"replies":[{"embeddable":true,"href":"https:\/\/baralivres.ma\/index.php?rest_route=%2Fwp%2Fv2%2Fcomments&post=10712"}],"version-history":[{"count":1,"href":"https:\/\/baralivres.ma\/index.php?rest_route=\/wp\/v2\/product\/10712\/revisions"}],"predecessor-version":[{"id":10714,"href":"https:\/\/baralivres.ma\/index.php?rest_route=\/wp\/v2\/product\/10712\/revisions\/10714"}],"wp:featuredmedia":[{"embeddable":true,"href":"https:\/\/baralivres.ma\/index.php?rest_route=\/wp\/v2\/media\/10713"}],"wp:attachment":[{"href":"https:\/\/baralivres.ma\/index.php?rest_route=%2Fwp%2Fv2%2Fmedia&parent=10712"}],"wp:term":[{"taxonomy":"product_cat","embeddable":true,"href":"https:\/\/baralivres.ma\/index.php?rest_route=%2Fwp%2Fv2%2Fproduct_cat&post=10712"},{"taxonomy":"product_tag","embeddable":true,"href":"https:\/\/baralivres.ma\/index.php?rest_route=%2Fwp%2Fv2%2Fproduct_tag&post=10712"}],"curies":[{"name":"wp","href":"https:\/\/api.w.org\/{rel}","templated":true}]}}