{"id":10709,"date":"2023-08-28T16:04:22","date_gmt":"2023-08-28T15:04:22","guid":{"rendered":"https:\/\/baralivres.ma\/?post_type=product&#038;p=10709"},"modified":"2024-11-06T18:36:26","modified_gmt":"2024-11-06T17:36:26","slug":"je-dessine-avec-mes-doigts-et-des-tampons","status":"publish","type":"product","link":"https:\/\/baralivres.ma\/?product=je-dessine-avec-mes-doigts-et-des-tampons","title":{"rendered":"Je dessine avec mes doigts et des tampons"},"content":{"rendered":"<p>Un coffret d&rsquo;activit\u00e9s id\u00e9al d\u00e8s 3 ans pour peindre avec ses doigts et s&rsquo;amuser \u00e0 tamponner. 1 bloc de 12 dessins d&rsquo;animaux \u00e0 compl\u00e9ter gr\u00e2ce \u00e0 4 tampons qui repr\u00e9sentent des formes g\u00e9om\u00e9triques : ronds, carr\u00e9s, \u00e9toiles et losanges et 1 encrier de deux couleurs (rose et bleu). Les enfants peuvent s&rsquo;amuser \u00e0 compl\u00e9ter et \u00e0 d\u00e9corer leurs cr\u00e9ations en peignant avec leurs doigts.<\/p>\n","protected":false},"excerpt":{"rendered":"<p>Coffret gros tampons et encrier.<\/p>\n<p>&nbsp;<\/p>\n<p>&nbsp;<\/p>\n","protected":false},"featured_media":10710,"comment_status":"open","ping_status":"closed","template":"","meta":{"inline_featured_image":false},"product_cat":[3875,201,210,200],"product_tag":[],"class_list":{"0":"post-10709","1":"product","2":"type-product","3":"status-publish","4":"has-post-thumbnail","6":"product_cat-coffret-francais","7":"product_cat-coffret","8":"product_cat-activites-bebe-enfant","9":"product_cat-activites","11":"first","12":"instock","13":"shipping-taxable","14":"purchasable","15":"product-type-simple"},"_links":{"self":[{"href":"https:\/\/baralivres.ma\/index.php?rest_route=\/wp\/v2\/product\/10709","targetHints":{"allow":["GET"]}}],"collection":[{"href":"https:\/\/baralivres.ma\/index.php?rest_route=\/wp\/v2\/product"}],"about":[{"href":"https:\/\/baralivres.ma\/index.php?rest_route=\/wp\/v2\/types\/product"}],"replies":[{"embeddable":true,"href":"https:\/\/baralivres.ma\/index.php?rest_route=%2Fwp%2Fv2%2Fcomments&post=10709"}],"version-history":[{"count":1,"href":"https:\/\/baralivres.ma\/index.php?rest_route=\/wp\/v2\/product\/10709\/revisions"}],"predecessor-version":[{"id":10711,"href":"https:\/\/baralivres.ma\/index.php?rest_route=\/wp\/v2\/product\/10709\/revisions\/10711"}],"wp:featuredmedia":[{"embeddable":true,"href":"https:\/\/baralivres.ma\/index.php?rest_route=\/wp\/v2\/media\/10710"}],"wp:attachment":[{"href":"https:\/\/baralivres.ma\/index.php?rest_route=%2Fwp%2Fv2%2Fmedia&parent=10709"}],"wp:term":[{"taxonomy":"product_cat","embeddable":true,"href":"https:\/\/baralivres.ma\/index.php?rest_route=%2Fwp%2Fv2%2Fproduct_cat&post=10709"},{"taxonomy":"product_tag","embeddable":true,"href":"https:\/\/baralivres.ma\/index.php?rest_route=%2Fwp%2Fv2%2Fproduct_tag&post=10709"}],"curies":[{"name":"wp","href":"https:\/\/api.w.org\/{rel}","templated":true}]}}