{"id":10706,"date":"2023-09-05T00:19:16","date_gmt":"2023-09-04T23:19:16","guid":{"rendered":"https:\/\/baralivres.ma\/?post_type=product&#038;p=10706"},"modified":"2024-10-29T13:07:20","modified_gmt":"2024-10-29T12:07:20","slug":"mes-couronnes-de-princesses-le-coffret-pour-creer-tes-diademes","status":"publish","type":"product","link":"https:\/\/baralivres.ma\/?product=mes-couronnes-de-princesses-le-coffret-pour-creer-tes-diademes","title":{"rendered":"Mes Couronnes de Princesses &#8211; Le coffret pour cr\u00e9er tes diad\u00e8mes."},"content":{"rendered":"<p>Le coffret pour cr\u00e9er toutes les couronnes des Princesses Disney ! Il contient : &#8211; 8 couronnes diff\u00e9rentes \u00e0 d\u00e9corer et \u00e0 colorier, avec 3 niveaux de serrage pour convenir au tour de t\u00eate de toutes les petites filles &#8211; 2 planches de mosa\u00efques paillet\u00e9es (400 mosa\u00efques et 2 couleurs) &#8211; 2 planches de strass (200 strass) &#8211; Un livret de tutos et de coloriages.<\/p>\n","protected":false},"excerpt":{"rendered":"<p>Le coffret pour cr\u00e9er toutes les couronnes des Princesses Disney ! Il contient : &#8211; 8 couronnes diff\u00e9rentes \u00e0 d\u00e9corer et \u00e0 colorier, avec 3 niveaux de serrage pour convenir au tour de t\u00eate de toutes les petites filles &#8211; 2 planches de mosa\u00efques paillet\u00e9es (400 mosa\u00efques et 2 couleurs) &#8211; 2 planches de strass [&hellip;]<\/p>\n","protected":false},"featured_media":10707,"comment_status":"open","ping_status":"closed","template":"","meta":{"inline_featured_image":false},"product_cat":[3875,201,210,200],"product_tag":[],"class_list":{"0":"post-10706","1":"product","2":"type-product","3":"status-publish","4":"has-post-thumbnail","6":"product_cat-coffret-francais","7":"product_cat-coffret","8":"product_cat-activites-bebe-enfant","9":"product_cat-activites","11":"first","12":"instock","13":"shipping-taxable","14":"purchasable","15":"product-type-simple"},"_links":{"self":[{"href":"https:\/\/baralivres.ma\/index.php?rest_route=\/wp\/v2\/product\/10706","targetHints":{"allow":["GET"]}}],"collection":[{"href":"https:\/\/baralivres.ma\/index.php?rest_route=\/wp\/v2\/product"}],"about":[{"href":"https:\/\/baralivres.ma\/index.php?rest_route=\/wp\/v2\/types\/product"}],"replies":[{"embeddable":true,"href":"https:\/\/baralivres.ma\/index.php?rest_route=%2Fwp%2Fv2%2Fcomments&post=10706"}],"version-history":[{"count":1,"href":"https:\/\/baralivres.ma\/index.php?rest_route=\/wp\/v2\/product\/10706\/revisions"}],"predecessor-version":[{"id":10708,"href":"https:\/\/baralivres.ma\/index.php?rest_route=\/wp\/v2\/product\/10706\/revisions\/10708"}],"wp:featuredmedia":[{"embeddable":true,"href":"https:\/\/baralivres.ma\/index.php?rest_route=\/wp\/v2\/media\/10707"}],"wp:attachment":[{"href":"https:\/\/baralivres.ma\/index.php?rest_route=%2Fwp%2Fv2%2Fmedia&parent=10706"}],"wp:term":[{"taxonomy":"product_cat","embeddable":true,"href":"https:\/\/baralivres.ma\/index.php?rest_route=%2Fwp%2Fv2%2Fproduct_cat&post=10706"},{"taxonomy":"product_tag","embeddable":true,"href":"https:\/\/baralivres.ma\/index.php?rest_route=%2Fwp%2Fv2%2Fproduct_tag&post=10706"}],"curies":[{"name":"wp","href":"https:\/\/api.w.org\/{rel}","templated":true}]}}