{"id":10702,"date":"2024-10-30T08:52:44","date_gmt":"2024-10-30T07:52:44","guid":{"rendered":"https:\/\/baralivres.ma\/?post_type=product&#038;p=10702"},"modified":"2024-10-30T08:52:45","modified_gmt":"2024-10-30T07:52:45","slug":"autocollants-en-tissus-6-tableaux-a-decorer","status":"publish","type":"product","link":"https:\/\/baralivres.ma\/?product=autocollants-en-tissus-6-tableaux-a-decorer","title":{"rendered":"Autocollants en tissus &#8211; 6 tableaux \u00e0 d\u00e9corer !"},"content":{"rendered":"<p>Une collection d&rsquo;activit\u00e9s cr\u00e9atives, con\u00e7ues pour les petits, qui apportent calme, concentration et apaisement. Une parenth\u00e8se zen et b\u00e9n\u00e9fique pour les enfants \u00e0 partir de 4 ans ! Voici 6 tableaux \u00e0 d\u00e9corer gr\u00e2ce \u00e0 4 planches d&rsquo;autocollants en tissu aux jolis motifs color\u00e9s. Un mod\u00e8le guide l&rsquo;enfant et lui indique comment placer les diff\u00e9rents autocollants pour compl\u00e9ter ses tableaux. Cette activit\u00e9 demande \u00e0 l&rsquo;enfant de la patience, d\u00e9veloppe son go\u00fbt pour la couleur et lui procure \u00e0 la fin le plaisir et la satisfaction d&rsquo;offrir des tableaux tr\u00e8s r\u00e9ussis.<\/p>\n","protected":false},"excerpt":{"rendered":"<p>Une activit\u00e9 guid\u00e9e, qui favorise le calme et la concentration, tout en d\u00e9veloppant l&rsquo;esprit cr\u00e9atif des enfants.<\/p>\n","protected":false},"featured_media":10703,"comment_status":"open","ping_status":"closed","template":"","meta":{"inline_featured_image":false},"product_cat":[215,200],"product_tag":[],"class_list":{"0":"post-10702","1":"product","2":"type-product","3":"status-publish","4":"has-post-thumbnail","6":"product_cat-enfant","7":"product_cat-activites","9":"first","10":"instock","11":"shipping-taxable","12":"purchasable","13":"product-type-simple"},"_links":{"self":[{"href":"https:\/\/baralivres.ma\/index.php?rest_route=\/wp\/v2\/product\/10702","targetHints":{"allow":["GET"]}}],"collection":[{"href":"https:\/\/baralivres.ma\/index.php?rest_route=\/wp\/v2\/product"}],"about":[{"href":"https:\/\/baralivres.ma\/index.php?rest_route=\/wp\/v2\/types\/product"}],"replies":[{"embeddable":true,"href":"https:\/\/baralivres.ma\/index.php?rest_route=%2Fwp%2Fv2%2Fcomments&post=10702"}],"version-history":[{"count":1,"href":"https:\/\/baralivres.ma\/index.php?rest_route=\/wp\/v2\/product\/10702\/revisions"}],"predecessor-version":[{"id":10704,"href":"https:\/\/baralivres.ma\/index.php?rest_route=\/wp\/v2\/product\/10702\/revisions\/10704"}],"wp:featuredmedia":[{"embeddable":true,"href":"https:\/\/baralivres.ma\/index.php?rest_route=\/wp\/v2\/media\/10703"}],"wp:attachment":[{"href":"https:\/\/baralivres.ma\/index.php?rest_route=%2Fwp%2Fv2%2Fmedia&parent=10702"}],"wp:term":[{"taxonomy":"product_cat","embeddable":true,"href":"https:\/\/baralivres.ma\/index.php?rest_route=%2Fwp%2Fv2%2Fproduct_cat&post=10702"},{"taxonomy":"product_tag","embeddable":true,"href":"https:\/\/baralivres.ma\/index.php?rest_route=%2Fwp%2Fv2%2Fproduct_tag&post=10702"}],"curies":[{"name":"wp","href":"https:\/\/api.w.org\/{rel}","templated":true}]}}