{"id":10693,"date":"2023-08-28T15:41:14","date_gmt":"2023-08-28T14:41:14","guid":{"rendered":"https:\/\/baralivres.ma\/?post_type=product&#038;p=10693"},"modified":"2024-10-29T18:23:23","modified_gmt":"2024-10-29T17:23:23","slug":"tableaux-en-feutrine-avec-des-autocollants-tout-doux","status":"publish","type":"product","link":"https:\/\/baralivres.ma\/?product=tableaux-en-feutrine-avec-des-autocollants-tout-doux","title":{"rendered":"Tableaux en feutrine &#8211; Avec des autocollants tout doux"},"content":{"rendered":"<p>3 tableaux \u00e0 personnaliser gr\u00e2ce \u00e0 3 planches en feutrine toutes douces. Pour compl\u00e9ter les tableaux, l&rsquo;enfant est invit\u00e9 \u00e0 rep\u00e9rer les autocollants sur les planches de feutrine qui portent la m\u00eame couleur et le m\u00eame num\u00e9ro que la petite zone du tableau \u00e0 personnaliser. Une activit\u00e9 de rep\u00e9rage qui demande de la patience et de la concentration<\/p>\n","protected":false},"excerpt":{"rendered":"<p>3 tableaux \u00e0 personnaliser gr\u00e2ce \u00e0 3 planches en feutrine toutes douces. Pour compl\u00e9ter les tableaux, l&rsquo;enfant est invit\u00e9 \u00e0 rep\u00e9rer les autocollants sur les planches de feutrine qui portent la m\u00eame couleur et le m\u00eame num\u00e9ro que la petite zone du tableau \u00e0 personnaliser. Une activit\u00e9 de rep\u00e9rage qui demande de la patience et [&hellip;]<\/p>\n","protected":false},"featured_media":10694,"comment_status":"open","ping_status":"closed","template":"","meta":{"inline_featured_image":false},"product_cat":[215,200],"product_tag":[],"class_list":{"0":"post-10693","1":"product","2":"type-product","3":"status-publish","4":"has-post-thumbnail","6":"product_cat-enfant","7":"product_cat-activites","9":"first","10":"instock","11":"shipping-taxable","12":"purchasable","13":"product-type-simple"},"_links":{"self":[{"href":"https:\/\/baralivres.ma\/index.php?rest_route=\/wp\/v2\/product\/10693","targetHints":{"allow":["GET"]}}],"collection":[{"href":"https:\/\/baralivres.ma\/index.php?rest_route=\/wp\/v2\/product"}],"about":[{"href":"https:\/\/baralivres.ma\/index.php?rest_route=\/wp\/v2\/types\/product"}],"replies":[{"embeddable":true,"href":"https:\/\/baralivres.ma\/index.php?rest_route=%2Fwp%2Fv2%2Fcomments&post=10693"}],"version-history":[{"count":1,"href":"https:\/\/baralivres.ma\/index.php?rest_route=\/wp\/v2\/product\/10693\/revisions"}],"predecessor-version":[{"id":10695,"href":"https:\/\/baralivres.ma\/index.php?rest_route=\/wp\/v2\/product\/10693\/revisions\/10695"}],"wp:featuredmedia":[{"embeddable":true,"href":"https:\/\/baralivres.ma\/index.php?rest_route=\/wp\/v2\/media\/10694"}],"wp:attachment":[{"href":"https:\/\/baralivres.ma\/index.php?rest_route=%2Fwp%2Fv2%2Fmedia&parent=10693"}],"wp:term":[{"taxonomy":"product_cat","embeddable":true,"href":"https:\/\/baralivres.ma\/index.php?rest_route=%2Fwp%2Fv2%2Fproduct_cat&post=10693"},{"taxonomy":"product_tag","embeddable":true,"href":"https:\/\/baralivres.ma\/index.php?rest_route=%2Fwp%2Fv2%2Fproduct_tag&post=10693"}],"curies":[{"name":"wp","href":"https:\/\/api.w.org\/{rel}","templated":true}]}}