{"id":10687,"date":"2023-08-28T15:33:36","date_gmt":"2023-08-28T14:33:36","guid":{"rendered":"https:\/\/baralivres.ma\/?post_type=product&#038;p=10687"},"modified":"2024-11-22T11:24:09","modified_gmt":"2024-11-22T10:24:09","slug":"quiz-box-tout-savoir-sur-le-cheval","status":"publish","type":"product","link":"https:\/\/baralivres.ma\/?product=quiz-box-tout-savoir-sur-le-cheval","title":{"rendered":"Quiz box &#8211; Tout savoir sur le cheval"},"content":{"rendered":"<p>100 questions pour toutes les cavali\u00e8res ! Histoire, soins, anatomie, vie au club ou comp\u00e9titions : des questions r\u00e9parties en 5 cat\u00e9gories pour tester ses connaissances. Un livret avec les r\u00e9ponses d\u00e9taill\u00e9es pour aller plus loin dans sa passion. Un bloc score pour savoir qui a remport\u00e9 la partie.<\/p>\n","protected":false},"excerpt":{"rendered":"<p>Un coffret de 100 questions pour les cavali\u00e8res. Anatomie, soin du cheval, vie au club, race, concours&#8230; cinq cat\u00e9gories de questions pour jouer autour de son univers pr\u00e9f\u00e9r\u00e9.<\/p>\n","protected":false},"featured_media":10688,"comment_status":"open","ping_status":"closed","template":"","meta":{"inline_featured_image":false},"product_cat":[3875,201,200],"product_tag":[],"class_list":{"0":"post-10687","1":"product","2":"type-product","3":"status-publish","4":"has-post-thumbnail","6":"product_cat-coffret-francais","7":"product_cat-coffret","8":"product_cat-activites","10":"first","11":"instock","12":"shipping-taxable","13":"purchasable","14":"product-type-simple"},"_links":{"self":[{"href":"https:\/\/baralivres.ma\/index.php?rest_route=\/wp\/v2\/product\/10687","targetHints":{"allow":["GET"]}}],"collection":[{"href":"https:\/\/baralivres.ma\/index.php?rest_route=\/wp\/v2\/product"}],"about":[{"href":"https:\/\/baralivres.ma\/index.php?rest_route=\/wp\/v2\/types\/product"}],"replies":[{"embeddable":true,"href":"https:\/\/baralivres.ma\/index.php?rest_route=%2Fwp%2Fv2%2Fcomments&post=10687"}],"version-history":[{"count":1,"href":"https:\/\/baralivres.ma\/index.php?rest_route=\/wp\/v2\/product\/10687\/revisions"}],"predecessor-version":[{"id":10689,"href":"https:\/\/baralivres.ma\/index.php?rest_route=\/wp\/v2\/product\/10687\/revisions\/10689"}],"wp:featuredmedia":[{"embeddable":true,"href":"https:\/\/baralivres.ma\/index.php?rest_route=\/wp\/v2\/media\/10688"}],"wp:attachment":[{"href":"https:\/\/baralivres.ma\/index.php?rest_route=%2Fwp%2Fv2%2Fmedia&parent=10687"}],"wp:term":[{"taxonomy":"product_cat","embeddable":true,"href":"https:\/\/baralivres.ma\/index.php?rest_route=%2Fwp%2Fv2%2Fproduct_cat&post=10687"},{"taxonomy":"product_tag","embeddable":true,"href":"https:\/\/baralivres.ma\/index.php?rest_route=%2Fwp%2Fv2%2Fproduct_tag&post=10687"}],"curies":[{"name":"wp","href":"https:\/\/api.w.org\/{rel}","templated":true}]}}