{"id":10683,"date":"2023-08-28T15:27:45","date_gmt":"2023-08-28T14:27:45","guid":{"rendered":"https:\/\/baralivres.ma\/?post_type=product&#038;p=10683"},"modified":"2024-11-06T18:37:37","modified_gmt":"2024-11-06T17:37:37","slug":"mes-decalcos-raiponce-la-serie-les-ateliers","status":"publish","type":"product","link":"https:\/\/baralivres.ma\/?product=mes-decalcos-raiponce-la-serie-les-ateliers","title":{"rendered":"Mes d\u00e9calcos Raiponce la s\u00e9rie &#8211; Les ateliers"},"content":{"rendered":"<p>Une jolie pochette d&rsquo;activit\u00e9s pour s&rsquo;amuser avec tes personnages pr\u00e9f\u00e9r\u00e9s de la s\u00e9rie TV Raiponce. A retrouver : un livre de 16 pages de coloriages avec des d\u00e9cors et des silhouettes, 4 planches de d\u00e9calcomanies pour habiller Raiponce et ses amis.<\/p>\n","protected":false},"excerpt":{"rendered":"<p>Une jolie pochette d&rsquo;activit\u00e9s pour s&rsquo;amuser avec tes personnages pr\u00e9f\u00e9r\u00e9s de la s\u00e9rie TV Raiponce. A retrouver : un livre de 16 pages de coloriages avec des d\u00e9cors et des silhouettes, 4 planches de d\u00e9calcomanies pour habiller Raiponce et ses amis.<\/p>\n","protected":false},"featured_media":10684,"comment_status":"open","ping_status":"closed","template":"","meta":{"inline_featured_image":false},"product_cat":[3875,201,210,200],"product_tag":[],"class_list":{"0":"post-10683","1":"product","2":"type-product","3":"status-publish","4":"has-post-thumbnail","6":"product_cat-coffret-francais","7":"product_cat-coffret","8":"product_cat-activites-bebe-enfant","9":"product_cat-activites","11":"first","12":"instock","13":"shipping-taxable","14":"purchasable","15":"product-type-simple"},"_links":{"self":[{"href":"https:\/\/baralivres.ma\/index.php?rest_route=\/wp\/v2\/product\/10683","targetHints":{"allow":["GET"]}}],"collection":[{"href":"https:\/\/baralivres.ma\/index.php?rest_route=\/wp\/v2\/product"}],"about":[{"href":"https:\/\/baralivres.ma\/index.php?rest_route=\/wp\/v2\/types\/product"}],"replies":[{"embeddable":true,"href":"https:\/\/baralivres.ma\/index.php?rest_route=%2Fwp%2Fv2%2Fcomments&post=10683"}],"version-history":[{"count":1,"href":"https:\/\/baralivres.ma\/index.php?rest_route=\/wp\/v2\/product\/10683\/revisions"}],"predecessor-version":[{"id":10685,"href":"https:\/\/baralivres.ma\/index.php?rest_route=\/wp\/v2\/product\/10683\/revisions\/10685"}],"wp:featuredmedia":[{"embeddable":true,"href":"https:\/\/baralivres.ma\/index.php?rest_route=\/wp\/v2\/media\/10684"}],"wp:attachment":[{"href":"https:\/\/baralivres.ma\/index.php?rest_route=%2Fwp%2Fv2%2Fmedia&parent=10683"}],"wp:term":[{"taxonomy":"product_cat","embeddable":true,"href":"https:\/\/baralivres.ma\/index.php?rest_route=%2Fwp%2Fv2%2Fproduct_cat&post=10683"},{"taxonomy":"product_tag","embeddable":true,"href":"https:\/\/baralivres.ma\/index.php?rest_route=%2Fwp%2Fv2%2Fproduct_tag&post=10683"}],"curies":[{"name":"wp","href":"https:\/\/api.w.org\/{rel}","templated":true}]}}