{"id":10679,"date":"2023-08-25T17:40:52","date_gmt":"2023-08-25T16:40:52","guid":{"rendered":"https:\/\/baralivres.ma\/?post_type=product&#038;p=10679"},"modified":"2024-11-07T13:55:20","modified_gmt":"2024-11-07T12:55:20","slug":"mon-imagier-de-la-nature","status":"publish","type":"product","link":"https:\/\/baralivres.ma\/?product=mon-imagier-de-la-nature","title":{"rendered":"Mon imagier de la nature"},"content":{"rendered":"<p>Un imagier qui fourmille de d\u00e9tails, plein de surprises, id\u00e9al pour faire d\u00e9couvrir la nature aux tout-petits : la montagne, le jardin, la mer, les saisons, la nuit, la for\u00eat&#8230; Plus de vingt mots \u00e0 nommer sur chaque page pour s&rsquo;\u00e9veiller tout en s&rsquo;amusant !<\/p>\n","protected":false},"excerpt":{"rendered":"<p>Un imagier qui fourmille de d\u00e9tails, plein de surprises, id\u00e9al pour faire d\u00e9couvrir la nature aux tout-petits : la montagne, le jardin, la mer, les saisons, la nuit, la for\u00eat&#8230; Plus de vingt mots \u00e0 nommer sur chaque page pour s&rsquo;\u00e9veiller tout en s&rsquo;amusant !<\/p>\n","protected":false},"featured_media":10680,"comment_status":"open","ping_status":"closed","template":"","meta":{"inline_featured_image":false},"product_cat":[3877,3952,199],"product_tag":[],"class_list":{"0":"post-10679","1":"product","2":"type-product","3":"status-publish","4":"has-post-thumbnail","6":"product_cat-les-histoires-francais","7":"product_cat-les-livres-a-toucher-pour-bebe","8":"product_cat-histoires","10":"first","11":"instock","12":"shipping-taxable","13":"purchasable","14":"product-type-simple"},"_links":{"self":[{"href":"https:\/\/baralivres.ma\/index.php?rest_route=\/wp\/v2\/product\/10679","targetHints":{"allow":["GET"]}}],"collection":[{"href":"https:\/\/baralivres.ma\/index.php?rest_route=\/wp\/v2\/product"}],"about":[{"href":"https:\/\/baralivres.ma\/index.php?rest_route=\/wp\/v2\/types\/product"}],"replies":[{"embeddable":true,"href":"https:\/\/baralivres.ma\/index.php?rest_route=%2Fwp%2Fv2%2Fcomments&post=10679"}],"version-history":[{"count":1,"href":"https:\/\/baralivres.ma\/index.php?rest_route=\/wp\/v2\/product\/10679\/revisions"}],"predecessor-version":[{"id":10681,"href":"https:\/\/baralivres.ma\/index.php?rest_route=\/wp\/v2\/product\/10679\/revisions\/10681"}],"wp:featuredmedia":[{"embeddable":true,"href":"https:\/\/baralivres.ma\/index.php?rest_route=\/wp\/v2\/media\/10680"}],"wp:attachment":[{"href":"https:\/\/baralivres.ma\/index.php?rest_route=%2Fwp%2Fv2%2Fmedia&parent=10679"}],"wp:term":[{"taxonomy":"product_cat","embeddable":true,"href":"https:\/\/baralivres.ma\/index.php?rest_route=%2Fwp%2Fv2%2Fproduct_cat&post=10679"},{"taxonomy":"product_tag","embeddable":true,"href":"https:\/\/baralivres.ma\/index.php?rest_route=%2Fwp%2Fv2%2Fproduct_tag&post=10679"}],"curies":[{"name":"wp","href":"https:\/\/api.w.org\/{rel}","templated":true}]}}