{"id":10676,"date":"2023-08-25T17:38:31","date_gmt":"2023-08-25T16:38:31","guid":{"rendered":"https:\/\/baralivres.ma\/?post_type=product&#038;p=10676"},"modified":"2024-11-18T16:54:08","modified_gmt":"2024-11-18T15:54:08","slug":"mon-imagier","status":"publish","type":"product","link":"https:\/\/baralivres.ma\/?product=mon-imagier","title":{"rendered":"Mon imagier"},"content":{"rendered":"<div id=\"resume\" class=\"\n        fp-wide--block\n        fp-wide--block-resume                \"><\/p>\n<div class=\"content\">Un imagier qui fourmille de d\u00e9tails et de surprises, id\u00e9al pour les tout-petits. Plus de vingt mots \u00e0 nommer sur chaque page, pour d\u00e9couvrir le monde et s&rsquo;\u00e9veiller en s&rsquo;amusant !<\/div>\n<\/div>\n<div id=\"specification\" class=\"\n        fp-wide--block\n        fp-wide--block-specification                \"><\/p>\n<div class=\"fp-wide--block--header\"><\/div>\n<\/div>\n","protected":false},"excerpt":{"rendered":"<p>Un imagier qui fourmille de d\u00e9tails et de surprises, id\u00e9al pour les tout-petits. Plus de vingt mots \u00e0 nommer sur chaque page, pour d\u00e9couvrir le monde et s&rsquo;\u00e9veiller en s&rsquo;amusant !<\/p>\n","protected":false},"featured_media":10677,"comment_status":"open","ping_status":"closed","template":"","meta":{"inline_featured_image":false},"product_cat":[3952,3950,198],"product_tag":[],"class_list":{"0":"post-10676","1":"product","2":"type-product","3":"status-publish","4":"has-post-thumbnail","6":"product_cat-les-livres-a-toucher-pour-bebe","7":"product_cat-les-livres-cartonnes-francais","8":"product_cat-livres-animes","10":"first","11":"instock","12":"shipping-taxable","13":"purchasable","14":"product-type-simple"},"_links":{"self":[{"href":"https:\/\/baralivres.ma\/index.php?rest_route=\/wp\/v2\/product\/10676","targetHints":{"allow":["GET"]}}],"collection":[{"href":"https:\/\/baralivres.ma\/index.php?rest_route=\/wp\/v2\/product"}],"about":[{"href":"https:\/\/baralivres.ma\/index.php?rest_route=\/wp\/v2\/types\/product"}],"replies":[{"embeddable":true,"href":"https:\/\/baralivres.ma\/index.php?rest_route=%2Fwp%2Fv2%2Fcomments&post=10676"}],"version-history":[{"count":1,"href":"https:\/\/baralivres.ma\/index.php?rest_route=\/wp\/v2\/product\/10676\/revisions"}],"predecessor-version":[{"id":10678,"href":"https:\/\/baralivres.ma\/index.php?rest_route=\/wp\/v2\/product\/10676\/revisions\/10678"}],"wp:featuredmedia":[{"embeddable":true,"href":"https:\/\/baralivres.ma\/index.php?rest_route=\/wp\/v2\/media\/10677"}],"wp:attachment":[{"href":"https:\/\/baralivres.ma\/index.php?rest_route=%2Fwp%2Fv2%2Fmedia&parent=10676"}],"wp:term":[{"taxonomy":"product_cat","embeddable":true,"href":"https:\/\/baralivres.ma\/index.php?rest_route=%2Fwp%2Fv2%2Fproduct_cat&post=10676"},{"taxonomy":"product_tag","embeddable":true,"href":"https:\/\/baralivres.ma\/index.php?rest_route=%2Fwp%2Fv2%2Fproduct_tag&post=10676"}],"curies":[{"name":"wp","href":"https:\/\/api.w.org\/{rel}","templated":true}]}}