{"id":10666,"date":"2023-08-25T17:31:19","date_gmt":"2023-08-25T16:31:19","guid":{"rendered":"https:\/\/baralivres.ma\/?post_type=product&#038;p=10666"},"modified":"2024-11-06T17:33:53","modified_gmt":"2024-11-06T16:33:53","slug":"le-grand-livre-des-labyrinthes","status":"publish","type":"product","link":"https:\/\/baralivres.ma\/?product=le-grand-livre-des-labyrinthes","title":{"rendered":"Le grand livre des labyrinthes"},"content":{"rendered":"<p>Aide tes personnages pr\u00e9f\u00e9r\u00e9s \u00e0 retrouver leur chemin. Parcours avec eux les lieux l\u00e9gendaires des plus beaux films Disney et Pixar gr\u00e2ce \u00e0 de grandes cartes illustr\u00e9es \u00e0 ouvrir !<\/p>\n","protected":false},"excerpt":{"rendered":"<p>Aide tes personnages pr\u00e9f\u00e9r\u00e9s \u00e0 retrouver leur chemin. Parcours avec eux les lieux l\u00e9gendaires des plus beaux films Disney et Pixar gr\u00e2ce \u00e0 de grandes cartes illustr\u00e9es \u00e0 ouvrir !<\/p>\n","protected":false},"featured_media":10669,"comment_status":"open","ping_status":"closed","template":"","meta":{"inline_featured_image":false},"product_cat":[3950,198],"product_tag":[],"class_list":{"0":"post-10666","1":"product","2":"type-product","3":"status-publish","4":"has-post-thumbnail","6":"product_cat-les-livres-cartonnes-francais","7":"product_cat-livres-animes","9":"first","10":"instock","11":"shipping-taxable","12":"purchasable","13":"product-type-simple"},"_links":{"self":[{"href":"https:\/\/baralivres.ma\/index.php?rest_route=\/wp\/v2\/product\/10666","targetHints":{"allow":["GET"]}}],"collection":[{"href":"https:\/\/baralivres.ma\/index.php?rest_route=\/wp\/v2\/product"}],"about":[{"href":"https:\/\/baralivres.ma\/index.php?rest_route=\/wp\/v2\/types\/product"}],"replies":[{"embeddable":true,"href":"https:\/\/baralivres.ma\/index.php?rest_route=%2Fwp%2Fv2%2Fcomments&post=10666"}],"version-history":[{"count":1,"href":"https:\/\/baralivres.ma\/index.php?rest_route=\/wp\/v2\/product\/10666\/revisions"}],"predecessor-version":[{"id":10667,"href":"https:\/\/baralivres.ma\/index.php?rest_route=\/wp\/v2\/product\/10666\/revisions\/10667"}],"wp:featuredmedia":[{"embeddable":true,"href":"https:\/\/baralivres.ma\/index.php?rest_route=\/wp\/v2\/media\/10669"}],"wp:attachment":[{"href":"https:\/\/baralivres.ma\/index.php?rest_route=%2Fwp%2Fv2%2Fmedia&parent=10666"}],"wp:term":[{"taxonomy":"product_cat","embeddable":true,"href":"https:\/\/baralivres.ma\/index.php?rest_route=%2Fwp%2Fv2%2Fproduct_cat&post=10666"},{"taxonomy":"product_tag","embeddable":true,"href":"https:\/\/baralivres.ma\/index.php?rest_route=%2Fwp%2Fv2%2Fproduct_tag&post=10666"}],"curies":[{"name":"wp","href":"https:\/\/api.w.org\/{rel}","templated":true}]}}