{"id":10660,"date":"2023-08-25T17:29:50","date_gmt":"2023-08-25T16:29:50","guid":{"rendered":"https:\/\/baralivres.ma\/?post_type=product&#038;p=10660"},"modified":"2024-11-18T16:54:37","modified_gmt":"2024-11-18T15:54:37","slug":"20-000-jeux-sous-les-mers","status":"publish","type":"product","link":"https:\/\/baralivres.ma\/?product=20-000-jeux-sous-les-mers","title":{"rendered":"20 000 jeux sous les mers"},"content":{"rendered":"<p>Apr\u00e8s le Tour du monde en 80 jeux, un superbe livre de 80 d\u00e9fis \u00e0 relever : labyrinthes, cherche et trouve, pi\u00e8ces manquantes ou objets myst\u00e9rieux \u00e0 retrouver, inspir\u00e9 du roman embl\u00e9matique de Jules Verne, 20 000 lieux sous les mers. Ce livre conduira les enfants dans un voyage extaordinaire \u00e0 bord du Nautilus, en compagnie du capitaine Nemo ! Des illustrations \u00e9l\u00e9gantes et d\u00e9taill\u00e9es qui fourmillent de d\u00e9tails et de d\u00e9fis \u00e0 r\u00e9soudre qui s\u00e9duiront les plus petits comme les plus grands.<\/p>\n","protected":false},"excerpt":{"rendered":"<p>Ce livre conduira les enfants dans un voyage extaordinaire \u00e0 bord du Nautilus, en compagnie du capitaine Nemo ! Des illustrations \u00e9l\u00e9gantes et d\u00e9taill\u00e9es qui fourmillent de d\u00e9tails et de d\u00e9fis \u00e0 r\u00e9soudre qui s\u00e9duiront les plus petits comme les plus grands.<\/p>\n","protected":false},"featured_media":10661,"comment_status":"open","ping_status":"closed","template":"","meta":{"inline_featured_image":false},"product_cat":[200],"product_tag":[],"class_list":{"0":"post-10660","1":"product","2":"type-product","3":"status-publish","4":"has-post-thumbnail","6":"product_cat-activites","8":"first","9":"instock","10":"shipping-taxable","11":"purchasable","12":"product-type-simple"},"_links":{"self":[{"href":"https:\/\/baralivres.ma\/index.php?rest_route=\/wp\/v2\/product\/10660","targetHints":{"allow":["GET"]}}],"collection":[{"href":"https:\/\/baralivres.ma\/index.php?rest_route=\/wp\/v2\/product"}],"about":[{"href":"https:\/\/baralivres.ma\/index.php?rest_route=\/wp\/v2\/types\/product"}],"replies":[{"embeddable":true,"href":"https:\/\/baralivres.ma\/index.php?rest_route=%2Fwp%2Fv2%2Fcomments&post=10660"}],"version-history":[{"count":1,"href":"https:\/\/baralivres.ma\/index.php?rest_route=\/wp\/v2\/product\/10660\/revisions"}],"predecessor-version":[{"id":10665,"href":"https:\/\/baralivres.ma\/index.php?rest_route=\/wp\/v2\/product\/10660\/revisions\/10665"}],"wp:featuredmedia":[{"embeddable":true,"href":"https:\/\/baralivres.ma\/index.php?rest_route=\/wp\/v2\/media\/10661"}],"wp:attachment":[{"href":"https:\/\/baralivres.ma\/index.php?rest_route=%2Fwp%2Fv2%2Fmedia&parent=10660"}],"wp:term":[{"taxonomy":"product_cat","embeddable":true,"href":"https:\/\/baralivres.ma\/index.php?rest_route=%2Fwp%2Fv2%2Fproduct_cat&post=10660"},{"taxonomy":"product_tag","embeddable":true,"href":"https:\/\/baralivres.ma\/index.php?rest_route=%2Fwp%2Fv2%2Fproduct_tag&post=10660"}],"curies":[{"name":"wp","href":"https:\/\/api.w.org\/{rel}","templated":true}]}}