{"id":10647,"date":"2023-08-25T17:29:34","date_gmt":"2023-08-25T16:29:34","guid":{"rendered":"https:\/\/baralivres.ma\/?post_type=product&#038;p=10647"},"modified":"2024-11-18T16:54:59","modified_gmt":"2024-11-18T15:54:59","slug":"cherche-et-trouve-les-animaux-avec-dora","status":"publish","type":"product","link":"https:\/\/baralivres.ma\/?product=cherche-et-trouve-les-animaux-avec-dora","title":{"rendered":"CHERCHE ET TROUVE-LES ANIMAUX AVEC DORA!"},"content":{"rendered":"<p>Dora adore les animaux ! \u00c0 travers neuf sc\u00e8nes, les enfants cherchent et d\u00e9couvrent diff\u00e9rents animaux : ceux de la ferme, de la banquise, des fonds marins, de la savane et bien d\u2019autres encore !<\/p>\n","protected":false},"excerpt":{"rendered":"<p>Dora reste l\u2019h\u00e9ro\u00efne incontournable des 2-6 ans.<\/p>\n","protected":false},"featured_media":10654,"comment_status":"open","ping_status":"closed","template":"","meta":{"inline_featured_image":false},"product_cat":[3952,200],"product_tag":[],"class_list":{"0":"post-10647","1":"product","2":"type-product","3":"status-publish","4":"has-post-thumbnail","6":"product_cat-les-livres-a-toucher-pour-bebe","7":"product_cat-activites","9":"first","10":"instock","11":"shipping-taxable","12":"purchasable","13":"product-type-simple"},"_links":{"self":[{"href":"https:\/\/baralivres.ma\/index.php?rest_route=\/wp\/v2\/product\/10647","targetHints":{"allow":["GET"]}}],"collection":[{"href":"https:\/\/baralivres.ma\/index.php?rest_route=\/wp\/v2\/product"}],"about":[{"href":"https:\/\/baralivres.ma\/index.php?rest_route=\/wp\/v2\/types\/product"}],"replies":[{"embeddable":true,"href":"https:\/\/baralivres.ma\/index.php?rest_route=%2Fwp%2Fv2%2Fcomments&post=10647"}],"version-history":[{"count":1,"href":"https:\/\/baralivres.ma\/index.php?rest_route=\/wp\/v2\/product\/10647\/revisions"}],"predecessor-version":[{"id":10662,"href":"https:\/\/baralivres.ma\/index.php?rest_route=\/wp\/v2\/product\/10647\/revisions\/10662"}],"wp:featuredmedia":[{"embeddable":true,"href":"https:\/\/baralivres.ma\/index.php?rest_route=\/wp\/v2\/media\/10654"}],"wp:attachment":[{"href":"https:\/\/baralivres.ma\/index.php?rest_route=%2Fwp%2Fv2%2Fmedia&parent=10647"}],"wp:term":[{"taxonomy":"product_cat","embeddable":true,"href":"https:\/\/baralivres.ma\/index.php?rest_route=%2Fwp%2Fv2%2Fproduct_cat&post=10647"},{"taxonomy":"product_tag","embeddable":true,"href":"https:\/\/baralivres.ma\/index.php?rest_route=%2Fwp%2Fv2%2Fproduct_tag&post=10647"}],"curies":[{"name":"wp","href":"https:\/\/api.w.org\/{rel}","templated":true}]}}