{"id":10640,"date":"2023-08-25T17:23:14","date_gmt":"2023-08-25T16:23:14","guid":{"rendered":"https:\/\/baralivres.ma\/?post_type=product&#038;p=10640"},"modified":"2024-11-18T16:55:26","modified_gmt":"2024-11-18T15:55:26","slug":"mes-odeurs-de-la-nature","status":"publish","type":"product","link":"https:\/\/baralivres.ma\/?product=mes-odeurs-de-la-nature","title":{"rendered":"Mes odeurs de la nature"},"content":{"rendered":"<div id=\"resume\" class=\" fp-wide--block fp-wide--block-resume \">\n<div class=\"content\">Un livre pour d\u00e9velopper le sens de l&rsquo;odorat de fa\u00e7on ludique et apprendre aux enfants \u00e0 reconna\u00eetre les fruits, les l\u00e9gumes, les plantes aromatiques, les fleurs, les arbres et les \u00e9pices.<\/div>\n<\/div>\n<div id=\"specification\" class=\" fp-wide--block fp-wide--block-specification \">\n<div class=\"fp-wide--block--header\">\n<h2 class=\"primary-title\"><\/h2>\n<\/div>\n<\/div>\n","protected":false},"excerpt":{"rendered":"<p>Pr\u00e9senter les \u00e9l\u00e9ments de la nature de fa\u00e7on ludique pour apprendre aux enfants \u00e0 reconna\u00eetre les fruits, fruits exotiques, l\u00e9gumes, fleurs, fleurs sauvages, plantes etc.<\/p>\n","protected":false},"featured_media":10641,"comment_status":"open","ping_status":"closed","template":"","meta":{"inline_featured_image":false},"product_cat":[3952,3950,198],"product_tag":[],"class_list":{"0":"post-10640","1":"product","2":"type-product","3":"status-publish","4":"has-post-thumbnail","6":"product_cat-les-livres-a-toucher-pour-bebe","7":"product_cat-les-livres-cartonnes-francais","8":"product_cat-livres-animes","10":"first","11":"instock","12":"shipping-taxable","13":"purchasable","14":"product-type-simple"},"_links":{"self":[{"href":"https:\/\/baralivres.ma\/index.php?rest_route=\/wp\/v2\/product\/10640","targetHints":{"allow":["GET"]}}],"collection":[{"href":"https:\/\/baralivres.ma\/index.php?rest_route=\/wp\/v2\/product"}],"about":[{"href":"https:\/\/baralivres.ma\/index.php?rest_route=\/wp\/v2\/types\/product"}],"replies":[{"embeddable":true,"href":"https:\/\/baralivres.ma\/index.php?rest_route=%2Fwp%2Fv2%2Fcomments&post=10640"}],"version-history":[{"count":2,"href":"https:\/\/baralivres.ma\/index.php?rest_route=\/wp\/v2\/product\/10640\/revisions"}],"predecessor-version":[{"id":12084,"href":"https:\/\/baralivres.ma\/index.php?rest_route=\/wp\/v2\/product\/10640\/revisions\/12084"}],"wp:featuredmedia":[{"embeddable":true,"href":"https:\/\/baralivres.ma\/index.php?rest_route=\/wp\/v2\/media\/10641"}],"wp:attachment":[{"href":"https:\/\/baralivres.ma\/index.php?rest_route=%2Fwp%2Fv2%2Fmedia&parent=10640"}],"wp:term":[{"taxonomy":"product_cat","embeddable":true,"href":"https:\/\/baralivres.ma\/index.php?rest_route=%2Fwp%2Fv2%2Fproduct_cat&post=10640"},{"taxonomy":"product_tag","embeddable":true,"href":"https:\/\/baralivres.ma\/index.php?rest_route=%2Fwp%2Fv2%2Fproduct_tag&post=10640"}],"curies":[{"name":"wp","href":"https:\/\/api.w.org\/{rel}","templated":true}]}}