{"id":10637,"date":"2023-08-25T17:20:49","date_gmt":"2023-08-25T16:20:49","guid":{"rendered":"https:\/\/baralivres.ma\/?post_type=product&#038;p=10637"},"modified":"2024-11-06T18:39:39","modified_gmt":"2024-11-06T17:39:39","slug":"black-widow-super-jeux-et-coloriages","status":"publish","type":"product","link":"https:\/\/baralivres.ma\/?product=black-widow-super-jeux-et-coloriages","title":{"rendered":"Black Widow Super Jeux et coloriages"},"content":{"rendered":"<p>Aide tes h\u00e9ros \u00e0 relever plein de d\u00e9fis : des labyrinthes \u00e0 traverser, des points \u00e0 relier, des quiz \u00e0 compl\u00e9ter, des intrus \u00e0 trouver, des \u00e9nigmes \u00e0 r\u00e9soudre&#8230; 40 super jeux et coloriages !<\/p>\n","protected":false},"excerpt":{"rendered":"<p>Aide tes h\u00e9ros \u00e0 relever plein de d\u00e9fis : des labyrinthes \u00e0 traverser, des points \u00e0 relier, des quiz \u00e0 compl\u00e9ter, des intrus \u00e0 trouver, des \u00e9nigmes \u00e0 r\u00e9soudre&#8230; 40 super jeux et coloriages !<\/p>\n","protected":false},"featured_media":10639,"comment_status":"open","ping_status":"closed","template":"","meta":{"inline_featured_image":false},"product_cat":[210,200],"product_tag":[],"class_list":{"0":"post-10637","1":"product","2":"type-product","3":"status-publish","4":"has-post-thumbnail","6":"product_cat-activites-bebe-enfant","7":"product_cat-activites","9":"first","10":"instock","11":"shipping-taxable","12":"purchasable","13":"product-type-simple"},"_links":{"self":[{"href":"https:\/\/baralivres.ma\/index.php?rest_route=\/wp\/v2\/product\/10637","targetHints":{"allow":["GET"]}}],"collection":[{"href":"https:\/\/baralivres.ma\/index.php?rest_route=\/wp\/v2\/product"}],"about":[{"href":"https:\/\/baralivres.ma\/index.php?rest_route=\/wp\/v2\/types\/product"}],"replies":[{"embeddable":true,"href":"https:\/\/baralivres.ma\/index.php?rest_route=%2Fwp%2Fv2%2Fcomments&post=10637"}],"version-history":[{"count":1,"href":"https:\/\/baralivres.ma\/index.php?rest_route=\/wp\/v2\/product\/10637\/revisions"}],"predecessor-version":[{"id":10642,"href":"https:\/\/baralivres.ma\/index.php?rest_route=\/wp\/v2\/product\/10637\/revisions\/10642"}],"wp:featuredmedia":[{"embeddable":true,"href":"https:\/\/baralivres.ma\/index.php?rest_route=\/wp\/v2\/media\/10639"}],"wp:attachment":[{"href":"https:\/\/baralivres.ma\/index.php?rest_route=%2Fwp%2Fv2%2Fmedia&parent=10637"}],"wp:term":[{"taxonomy":"product_cat","embeddable":true,"href":"https:\/\/baralivres.ma\/index.php?rest_route=%2Fwp%2Fv2%2Fproduct_cat&post=10637"},{"taxonomy":"product_tag","embeddable":true,"href":"https:\/\/baralivres.ma\/index.php?rest_route=%2Fwp%2Fv2%2Fproduct_tag&post=10637"}],"curies":[{"name":"wp","href":"https:\/\/api.w.org\/{rel}","templated":true}]}}