{"id":10634,"date":"2023-08-25T17:17:21","date_gmt":"2023-08-25T16:17:21","guid":{"rendered":"https:\/\/baralivres.ma\/?post_type=product&#038;p=10634"},"modified":"2024-11-06T22:06:17","modified_gmt":"2024-11-06T21:06:17","slug":"disney-princesses-coloriages-magiques-mysteres","status":"publish","type":"product","link":"https:\/\/baralivres.ma\/?product=disney-princesses-coloriages-magiques-mysteres","title":{"rendered":"Disney Princesses &#8211; Coloriages magiques &#8211; Myst\u00e8res"},"content":{"rendered":"<p>Un livre de coloriages surprises, adapt\u00e9 aux enfants d\u00e8s 6 ans ! Dans chacune des 23 illustrations retravaill\u00e9es se cache un dessin \u00a0\u00bb surprise \u00a0\u00bb ! Pour r\u00e9v\u00e9ler la grille myst\u00e8re de chaque image, il suffit de colorier chaque zone selon le code couleurs indiqu\u00e9 et d\u00e9couvrir les plus belles images des Princesses Disney ! D\u00e8s 6 ans.<\/p>\n","protected":false},"excerpt":{"rendered":"<p>Un livre de coloriages surprises, adapt\u00e9 aux enfants d\u00e8s 6 ans ! Dans chacune des 23 illustrations retravaill\u00e9es se cache un dessin \u00a0\u00bb surprise \u00a0\u00bb !<\/p>\n","protected":false},"featured_media":10635,"comment_status":"open","ping_status":"closed","template":"","meta":{"inline_featured_image":false},"product_cat":[210,200],"product_tag":[],"class_list":{"0":"post-10634","1":"product","2":"type-product","3":"status-publish","4":"has-post-thumbnail","6":"product_cat-activites-bebe-enfant","7":"product_cat-activites","9":"first","10":"instock","11":"shipping-taxable","12":"purchasable","13":"product-type-simple"},"_links":{"self":[{"href":"https:\/\/baralivres.ma\/index.php?rest_route=\/wp\/v2\/product\/10634","targetHints":{"allow":["GET"]}}],"collection":[{"href":"https:\/\/baralivres.ma\/index.php?rest_route=\/wp\/v2\/product"}],"about":[{"href":"https:\/\/baralivres.ma\/index.php?rest_route=\/wp\/v2\/types\/product"}],"replies":[{"embeddable":true,"href":"https:\/\/baralivres.ma\/index.php?rest_route=%2Fwp%2Fv2%2Fcomments&post=10634"}],"version-history":[{"count":1,"href":"https:\/\/baralivres.ma\/index.php?rest_route=\/wp\/v2\/product\/10634\/revisions"}],"predecessor-version":[{"id":10636,"href":"https:\/\/baralivres.ma\/index.php?rest_route=\/wp\/v2\/product\/10634\/revisions\/10636"}],"wp:featuredmedia":[{"embeddable":true,"href":"https:\/\/baralivres.ma\/index.php?rest_route=\/wp\/v2\/media\/10635"}],"wp:attachment":[{"href":"https:\/\/baralivres.ma\/index.php?rest_route=%2Fwp%2Fv2%2Fmedia&parent=10634"}],"wp:term":[{"taxonomy":"product_cat","embeddable":true,"href":"https:\/\/baralivres.ma\/index.php?rest_route=%2Fwp%2Fv2%2Fproduct_cat&post=10634"},{"taxonomy":"product_tag","embeddable":true,"href":"https:\/\/baralivres.ma\/index.php?rest_route=%2Fwp%2Fv2%2Fproduct_tag&post=10634"}],"curies":[{"name":"wp","href":"https:\/\/api.w.org\/{rel}","templated":true}]}}