{"id":10630,"date":"2023-08-25T17:17:43","date_gmt":"2023-08-25T16:17:43","guid":{"rendered":"https:\/\/baralivres.ma\/?post_type=product&#038;p=10630"},"modified":"2024-11-06T17:38:19","modified_gmt":"2024-11-06T16:38:19","slug":"je-decouvre-les-vehicules","status":"publish","type":"product","link":"https:\/\/baralivres.ma\/?product=je-decouvre-les-vehicules","title":{"rendered":"Je d\u00e9couvre les v\u00e9hicules"},"content":{"rendered":"<div id=\"resume\" class=\"\n        fp-wide--block\n        fp-wide--block-resume                \"><\/p>\n<div class=\"content\">Un livre pour faire d\u00e9couvrir aux tout-petits la voiture, le camion, le bus, l&rsquo;avion, l&rsquo;h\u00e9licopt\u00e8re, la fus\u00e9e, le bateau, la montgolfi\u00e8re, la pelleteuse, le sous marin&#8230; le tout avec des effets visuels ou des mati\u00e8res \u00e0 toucher.<\/div>\n<\/div>\n<div id=\"specification\" class=\"\n        fp-wide--block\n        fp-wide--block-specification                \"><\/p>\n<div class=\"fp-wide--block--header\"><\/div>\n<\/div>\n","protected":false},"excerpt":{"rendered":"<p>Un livre pour faire d\u00e9couvrir aux tout-petits la voiture, le camion, le bus, l&rsquo;avion, l&rsquo;h\u00e9licopt\u00e8re, la fus\u00e9e, le bateau, la montgolfi\u00e8re, la pelleteuse, le sous marin&#8230; le tout avec des effets visuels ou des mati\u00e8res \u00e0 toucher.<\/p>\n","protected":false},"featured_media":10633,"comment_status":"open","ping_status":"closed","template":"","meta":{"inline_featured_image":false},"product_cat":[3950,198],"product_tag":[],"class_list":{"0":"post-10630","1":"product","2":"type-product","3":"status-publish","4":"has-post-thumbnail","6":"product_cat-les-livres-cartonnes-francais","7":"product_cat-livres-animes","9":"first","10":"instock","11":"shipping-taxable","12":"purchasable","13":"product-type-simple"},"_links":{"self":[{"href":"https:\/\/baralivres.ma\/index.php?rest_route=\/wp\/v2\/product\/10630","targetHints":{"allow":["GET"]}}],"collection":[{"href":"https:\/\/baralivres.ma\/index.php?rest_route=\/wp\/v2\/product"}],"about":[{"href":"https:\/\/baralivres.ma\/index.php?rest_route=\/wp\/v2\/types\/product"}],"replies":[{"embeddable":true,"href":"https:\/\/baralivres.ma\/index.php?rest_route=%2Fwp%2Fv2%2Fcomments&post=10630"}],"version-history":[{"count":1,"href":"https:\/\/baralivres.ma\/index.php?rest_route=\/wp\/v2\/product\/10630\/revisions"}],"predecessor-version":[{"id":10638,"href":"https:\/\/baralivres.ma\/index.php?rest_route=\/wp\/v2\/product\/10630\/revisions\/10638"}],"wp:featuredmedia":[{"embeddable":true,"href":"https:\/\/baralivres.ma\/index.php?rest_route=\/wp\/v2\/media\/10633"}],"wp:attachment":[{"href":"https:\/\/baralivres.ma\/index.php?rest_route=%2Fwp%2Fv2%2Fmedia&parent=10630"}],"wp:term":[{"taxonomy":"product_cat","embeddable":true,"href":"https:\/\/baralivres.ma\/index.php?rest_route=%2Fwp%2Fv2%2Fproduct_cat&post=10630"},{"taxonomy":"product_tag","embeddable":true,"href":"https:\/\/baralivres.ma\/index.php?rest_route=%2Fwp%2Fv2%2Fproduct_tag&post=10630"}],"curies":[{"name":"wp","href":"https:\/\/api.w.org\/{rel}","templated":true}]}}