{"id":10606,"date":"2023-08-25T17:11:56","date_gmt":"2023-08-25T16:11:56","guid":{"rendered":"https:\/\/baralivres.ma\/?post_type=product&#038;p=10606"},"modified":"2024-11-06T22:08:12","modified_gmt":"2024-11-06T21:08:12","slug":"star-wars-coloriages-magiques-trompe-loeil","status":"publish","type":"product","link":"https:\/\/baralivres.ma\/?product=star-wars-coloriages-magiques-trompe-loeil","title":{"rendered":"Star Wars &#8211; Coloriages magiques trompe-l&rsquo;oeil"},"content":{"rendered":"<p>Un dessin peut en cacher un autre ! Ne te fie pas \u00e0 la silhouette qui appara\u00eet&#8230; colorie la sc\u00e8ne et d\u00e9couvre un autre personnage !<\/p>\n","protected":false},"excerpt":{"rendered":"<p>Un dessin peut en cacher un autre ! Ne te fie pas \u00e0 la silhouette qui appara\u00eet&#8230; colorie la sc\u00e8ne et d\u00e9couvre un autre personnage !<\/p>\n","protected":false},"featured_media":10608,"comment_status":"open","ping_status":"closed","template":"","meta":{"inline_featured_image":false},"product_cat":[210,200],"product_tag":[],"class_list":{"0":"post-10606","1":"product","2":"type-product","3":"status-publish","4":"has-post-thumbnail","6":"product_cat-activites-bebe-enfant","7":"product_cat-activites","9":"first","10":"instock","11":"shipping-taxable","12":"purchasable","13":"product-type-simple"},"_links":{"self":[{"href":"https:\/\/baralivres.ma\/index.php?rest_route=\/wp\/v2\/product\/10606","targetHints":{"allow":["GET"]}}],"collection":[{"href":"https:\/\/baralivres.ma\/index.php?rest_route=\/wp\/v2\/product"}],"about":[{"href":"https:\/\/baralivres.ma\/index.php?rest_route=\/wp\/v2\/types\/product"}],"replies":[{"embeddable":true,"href":"https:\/\/baralivres.ma\/index.php?rest_route=%2Fwp%2Fv2%2Fcomments&post=10606"}],"version-history":[{"count":1,"href":"https:\/\/baralivres.ma\/index.php?rest_route=\/wp\/v2\/product\/10606\/revisions"}],"predecessor-version":[{"id":10609,"href":"https:\/\/baralivres.ma\/index.php?rest_route=\/wp\/v2\/product\/10606\/revisions\/10609"}],"wp:featuredmedia":[{"embeddable":true,"href":"https:\/\/baralivres.ma\/index.php?rest_route=\/wp\/v2\/media\/10608"}],"wp:attachment":[{"href":"https:\/\/baralivres.ma\/index.php?rest_route=%2Fwp%2Fv2%2Fmedia&parent=10606"}],"wp:term":[{"taxonomy":"product_cat","embeddable":true,"href":"https:\/\/baralivres.ma\/index.php?rest_route=%2Fwp%2Fv2%2Fproduct_cat&post=10606"},{"taxonomy":"product_tag","embeddable":true,"href":"https:\/\/baralivres.ma\/index.php?rest_route=%2Fwp%2Fv2%2Fproduct_tag&post=10606"}],"curies":[{"name":"wp","href":"https:\/\/api.w.org\/{rel}","templated":true}]}}