{"id":10603,"date":"2023-08-25T17:10:19","date_gmt":"2023-08-25T16:10:19","guid":{"rendered":"https:\/\/baralivres.ma\/?post_type=product&#038;p=10603"},"modified":"2024-11-06T22:08:48","modified_gmt":"2024-11-06T21:08:48","slug":"animaux-coloriages-magiques-cercles-magiques","status":"publish","type":"product","link":"https:\/\/baralivres.ma\/?product=animaux-coloriages-magiques-cercles-magiques","title":{"rendered":"Animaux &#8211; Coloriages Magiques &#8211; Cercles magiques"},"content":{"rendered":"<p>Un cahier de coloriages magiques, dans lesquels un animal Disney se cache derri\u00e8re la grille de cercles myst\u00e8res ! &#8211; 23 grands coloriages myst\u00e8res, avec une grille en forme de cercles \u00e0 colorier. &#8211; En coloriant la sc\u00e8ne selon le code couleurs, l&rsquo;enfant va d\u00e9couvrir un h\u00e9ros animal Disney ! &#8211; D\u00e8s 7 ans.<\/p>\n","protected":false},"excerpt":{"rendered":"<p>Un cahier de coloriages magiques, dans lesquels un animal Disney se cache derri\u00e8re la grille de cercles myst\u00e8res ! &#8211; 23 grands coloriages myst\u00e8res, avec une grille en forme de cercles \u00e0 colorier<\/p>\n","protected":false},"featured_media":10604,"comment_status":"open","ping_status":"closed","template":"","meta":{"inline_featured_image":false},"product_cat":[210,200],"product_tag":[],"class_list":{"0":"post-10603","1":"product","2":"type-product","3":"status-publish","4":"has-post-thumbnail","6":"product_cat-activites-bebe-enfant","7":"product_cat-activites","9":"first","10":"instock","11":"shipping-taxable","12":"purchasable","13":"product-type-simple"},"_links":{"self":[{"href":"https:\/\/baralivres.ma\/index.php?rest_route=\/wp\/v2\/product\/10603","targetHints":{"allow":["GET"]}}],"collection":[{"href":"https:\/\/baralivres.ma\/index.php?rest_route=\/wp\/v2\/product"}],"about":[{"href":"https:\/\/baralivres.ma\/index.php?rest_route=\/wp\/v2\/types\/product"}],"replies":[{"embeddable":true,"href":"https:\/\/baralivres.ma\/index.php?rest_route=%2Fwp%2Fv2%2Fcomments&post=10603"}],"version-history":[{"count":1,"href":"https:\/\/baralivres.ma\/index.php?rest_route=\/wp\/v2\/product\/10603\/revisions"}],"predecessor-version":[{"id":10605,"href":"https:\/\/baralivres.ma\/index.php?rest_route=\/wp\/v2\/product\/10603\/revisions\/10605"}],"wp:featuredmedia":[{"embeddable":true,"href":"https:\/\/baralivres.ma\/index.php?rest_route=\/wp\/v2\/media\/10604"}],"wp:attachment":[{"href":"https:\/\/baralivres.ma\/index.php?rest_route=%2Fwp%2Fv2%2Fmedia&parent=10603"}],"wp:term":[{"taxonomy":"product_cat","embeddable":true,"href":"https:\/\/baralivres.ma\/index.php?rest_route=%2Fwp%2Fv2%2Fproduct_cat&post=10603"},{"taxonomy":"product_tag","embeddable":true,"href":"https:\/\/baralivres.ma\/index.php?rest_route=%2Fwp%2Fv2%2Fproduct_tag&post=10603"}],"curies":[{"name":"wp","href":"https:\/\/api.w.org\/{rel}","templated":true}]}}