{"id":10595,"date":"2023-08-25T17:06:12","date_gmt":"2023-08-25T16:06:12","guid":{"rendered":"https:\/\/baralivres.ma\/?post_type=product&#038;p=10595"},"modified":"2024-10-29T13:34:11","modified_gmt":"2024-10-29T12:34:11","slug":"disney-coloriages-magiques-messages-mysteres","status":"publish","type":"product","link":"https:\/\/baralivres.ma\/?product=disney-coloriages-magiques-messages-mysteres","title":{"rendered":"Disney &#8211; Coloriages magiques &#8211; Messages myst\u00e8res"},"content":{"rendered":"<p>Une phrase secr\u00e8te se cache sur la page ! Pour d\u00e9couvrir le message cach\u00e9 dans la grille myst\u00e8re, colorie le dessin jusqu&rsquo;au bout.<\/p>\n","protected":false},"excerpt":{"rendered":"<p>Une phrase secr\u00e8te se cache sur la page ! Pour d\u00e9couvrir le message cach\u00e9 dans la grille myst\u00e8re, colorie le dessin jusqu&rsquo;au bout.<\/p>\n","protected":false},"featured_media":10596,"comment_status":"open","ping_status":"closed","template":"","meta":{"inline_featured_image":false},"product_cat":[3875,201,210,200],"product_tag":[],"class_list":{"0":"post-10595","1":"product","2":"type-product","3":"status-publish","4":"has-post-thumbnail","6":"product_cat-coffret-francais","7":"product_cat-coffret","8":"product_cat-activites-bebe-enfant","9":"product_cat-activites","11":"first","12":"instock","13":"shipping-taxable","14":"purchasable","15":"product-type-simple"},"_links":{"self":[{"href":"https:\/\/baralivres.ma\/index.php?rest_route=\/wp\/v2\/product\/10595","targetHints":{"allow":["GET"]}}],"collection":[{"href":"https:\/\/baralivres.ma\/index.php?rest_route=\/wp\/v2\/product"}],"about":[{"href":"https:\/\/baralivres.ma\/index.php?rest_route=\/wp\/v2\/types\/product"}],"replies":[{"embeddable":true,"href":"https:\/\/baralivres.ma\/index.php?rest_route=%2Fwp%2Fv2%2Fcomments&post=10595"}],"version-history":[{"count":1,"href":"https:\/\/baralivres.ma\/index.php?rest_route=\/wp\/v2\/product\/10595\/revisions"}],"predecessor-version":[{"id":10598,"href":"https:\/\/baralivres.ma\/index.php?rest_route=\/wp\/v2\/product\/10595\/revisions\/10598"}],"wp:featuredmedia":[{"embeddable":true,"href":"https:\/\/baralivres.ma\/index.php?rest_route=\/wp\/v2\/media\/10596"}],"wp:attachment":[{"href":"https:\/\/baralivres.ma\/index.php?rest_route=%2Fwp%2Fv2%2Fmedia&parent=10595"}],"wp:term":[{"taxonomy":"product_cat","embeddable":true,"href":"https:\/\/baralivres.ma\/index.php?rest_route=%2Fwp%2Fv2%2Fproduct_cat&post=10595"},{"taxonomy":"product_tag","embeddable":true,"href":"https:\/\/baralivres.ma\/index.php?rest_route=%2Fwp%2Fv2%2Fproduct_tag&post=10595"}],"curies":[{"name":"wp","href":"https:\/\/api.w.org\/{rel}","templated":true}]}}