{"id":10574,"date":"2023-08-25T16:58:47","date_gmt":"2023-08-25T15:58:47","guid":{"rendered":"https:\/\/baralivres.ma\/?post_type=product&#038;p=10574"},"modified":"2024-11-06T22:10:30","modified_gmt":"2024-11-06T21:10:30","slug":"raya-et-le-dernier-dragon-2","status":"publish","type":"product","link":"https:\/\/baralivres.ma\/?product=raya-et-le-dernier-dragon-2","title":{"rendered":"Raya et le dernier dragon"},"content":{"rendered":"<p>Plonge dans un monde de magie et d&rsquo;aventures gr\u00e2ce \u00e0 ce livre de coloriages. Retrouve Raya et ses amis, et amuse-toi \u00e0 leur donner de superbes couleurs. A tes crayons !<\/p>\n","protected":false},"excerpt":{"rendered":"<p>Plonge dans un monde de magie et d&rsquo;aventures gr\u00e2ce \u00e0 ce livre de coloriages. Retrouve Raya et ses amis, et amuse-toi \u00e0 leur donner de superbes couleurs. A tes crayons !<\/p>\n","protected":false},"featured_media":10575,"comment_status":"open","ping_status":"closed","template":"","meta":{"inline_featured_image":false},"product_cat":[210,200],"product_tag":[],"class_list":{"0":"post-10574","1":"product","2":"type-product","3":"status-publish","4":"has-post-thumbnail","6":"product_cat-activites-bebe-enfant","7":"product_cat-activites","9":"first","10":"instock","11":"shipping-taxable","12":"purchasable","13":"product-type-simple"},"_links":{"self":[{"href":"https:\/\/baralivres.ma\/index.php?rest_route=\/wp\/v2\/product\/10574","targetHints":{"allow":["GET"]}}],"collection":[{"href":"https:\/\/baralivres.ma\/index.php?rest_route=\/wp\/v2\/product"}],"about":[{"href":"https:\/\/baralivres.ma\/index.php?rest_route=\/wp\/v2\/types\/product"}],"replies":[{"embeddable":true,"href":"https:\/\/baralivres.ma\/index.php?rest_route=%2Fwp%2Fv2%2Fcomments&post=10574"}],"version-history":[{"count":1,"href":"https:\/\/baralivres.ma\/index.php?rest_route=\/wp\/v2\/product\/10574\/revisions"}],"predecessor-version":[{"id":10577,"href":"https:\/\/baralivres.ma\/index.php?rest_route=\/wp\/v2\/product\/10574\/revisions\/10577"}],"wp:featuredmedia":[{"embeddable":true,"href":"https:\/\/baralivres.ma\/index.php?rest_route=\/wp\/v2\/media\/10575"}],"wp:attachment":[{"href":"https:\/\/baralivres.ma\/index.php?rest_route=%2Fwp%2Fv2%2Fmedia&parent=10574"}],"wp:term":[{"taxonomy":"product_cat","embeddable":true,"href":"https:\/\/baralivres.ma\/index.php?rest_route=%2Fwp%2Fv2%2Fproduct_cat&post=10574"},{"taxonomy":"product_tag","embeddable":true,"href":"https:\/\/baralivres.ma\/index.php?rest_route=%2Fwp%2Fv2%2Fproduct_tag&post=10574"}],"curies":[{"name":"wp","href":"https:\/\/api.w.org\/{rel}","templated":true}]}}