{"id":10565,"date":"2023-08-25T16:58:20","date_gmt":"2023-08-25T15:58:20","guid":{"rendered":"https:\/\/baralivres.ma\/?post_type=product&#038;p=10565"},"modified":"2024-11-06T17:38:50","modified_gmt":"2024-11-06T16:38:50","slug":"mon-imagier-a-toucher","status":"publish","type":"product","link":"https:\/\/baralivres.ma\/?product=mon-imagier-a-toucher","title":{"rendered":"Mon imagier \u00e0 toucher"},"content":{"rendered":"<p>Un bel imagier grand format pour d\u00e9couvrir les premiers mots avec des surfaces \u00e0 toucher irr\u00e9sistibles : peluche toute douce, papier qui cr\u00e9pite, hologramme, microfibre, sable rugueux&#8230; En tout, 20 mati\u00e8res pour \u00e9veiller les sens des tout-petits et d\u00e9velopper leur curiosit\u00e9.<\/p>\n","protected":false},"excerpt":{"rendered":"<p>Un imagier tr\u00e8s color\u00e9 avec des mati\u00e8res \u00e0 toucher qui vont captiver les tout-petits.<\/p>\n","protected":false},"featured_media":10573,"comment_status":"open","ping_status":"closed","template":"","meta":{"inline_featured_image":false},"product_cat":[3952],"product_tag":[],"class_list":{"0":"post-10565","1":"product","2":"type-product","3":"status-publish","4":"has-post-thumbnail","6":"product_cat-les-livres-a-toucher-pour-bebe","8":"first","9":"instock","10":"shipping-taxable","11":"purchasable","12":"product-type-simple"},"_links":{"self":[{"href":"https:\/\/baralivres.ma\/index.php?rest_route=\/wp\/v2\/product\/10565","targetHints":{"allow":["GET"]}}],"collection":[{"href":"https:\/\/baralivres.ma\/index.php?rest_route=\/wp\/v2\/product"}],"about":[{"href":"https:\/\/baralivres.ma\/index.php?rest_route=\/wp\/v2\/types\/product"}],"replies":[{"embeddable":true,"href":"https:\/\/baralivres.ma\/index.php?rest_route=%2Fwp%2Fv2%2Fcomments&post=10565"}],"version-history":[{"count":1,"href":"https:\/\/baralivres.ma\/index.php?rest_route=\/wp\/v2\/product\/10565\/revisions"}],"predecessor-version":[{"id":10576,"href":"https:\/\/baralivres.ma\/index.php?rest_route=\/wp\/v2\/product\/10565\/revisions\/10576"}],"wp:featuredmedia":[{"embeddable":true,"href":"https:\/\/baralivres.ma\/index.php?rest_route=\/wp\/v2\/media\/10573"}],"wp:attachment":[{"href":"https:\/\/baralivres.ma\/index.php?rest_route=%2Fwp%2Fv2%2Fmedia&parent=10565"}],"wp:term":[{"taxonomy":"product_cat","embeddable":true,"href":"https:\/\/baralivres.ma\/index.php?rest_route=%2Fwp%2Fv2%2Fproduct_cat&post=10565"},{"taxonomy":"product_tag","embeddable":true,"href":"https:\/\/baralivres.ma\/index.php?rest_route=%2Fwp%2Fv2%2Fproduct_tag&post=10565"}],"curies":[{"name":"wp","href":"https:\/\/api.w.org\/{rel}","templated":true}]}}