{"id":10553,"date":"2023-08-25T16:53:57","date_gmt":"2023-08-25T15:53:57","guid":{"rendered":"https:\/\/baralivres.ma\/?post_type=product&#038;p=10553"},"modified":"2024-11-06T22:10:57","modified_gmt":"2024-11-06T21:10:57","slug":"pirates","status":"publish","type":"product","link":"https:\/\/baralivres.ma\/?product=pirates","title":{"rendered":"Pirates"},"content":{"rendered":"<div id=\"resume\" class=\" fp-wide--block fp-wide--block-resume \">\n<div class=\"content\">Venus d&rsquo;Inde, les mandalas ont conquis toutes les g\u00e9n\u00e9rations. Au-del\u00e0 d&rsquo;\u00eatre de simples coloriages, ils favorisent la concentration, la cr\u00e9ativit\u00e9 et la relaxation. Vous trouverez dans ce bloc 40 mandalas sur le th\u00e8me des pirates. Ce bloc pr\u00e9sente \u00e9galement l&rsquo;histoire des mandalas au travers des civilisations, ainsi que des conseils pour aider votre enfant \u00e0 r\u00e9aliser ses premiers mandalas.<\/div>\n<\/div>\n<div id=\"specification\" class=\" fp-wide--block fp-wide--block-specification \">\n<div class=\"fp-wide--block--header\"><\/div>\n<\/div>\n","protected":false},"excerpt":{"rendered":"<p>Venus d&rsquo;Inde, les mandalas ont conquis toutes les g\u00e9n\u00e9rations. Au-del\u00e0 d&rsquo;\u00eatre de simples coloriages, ils favorisent la concentration, la cr\u00e9ativit\u00e9 et la relaxation. Vous trouverez dans ce bloc 40 mandalas sur le th\u00e8me des pirates. Ce bloc pr\u00e9sente \u00e9galement l&rsquo;histoire des mandalas au travers des civilisations, ainsi que des conseils pour aider votre enfant \u00e0 [&hellip;]<\/p>\n","protected":false},"featured_media":10559,"comment_status":"open","ping_status":"closed","template":"","meta":{"inline_featured_image":false},"product_cat":[210,200],"product_tag":[],"class_list":{"0":"post-10553","1":"product","2":"type-product","3":"status-publish","4":"has-post-thumbnail","6":"product_cat-activites-bebe-enfant","7":"product_cat-activites","9":"first","10":"instock","11":"shipping-taxable","12":"purchasable","13":"product-type-simple"},"_links":{"self":[{"href":"https:\/\/baralivres.ma\/index.php?rest_route=\/wp\/v2\/product\/10553","targetHints":{"allow":["GET"]}}],"collection":[{"href":"https:\/\/baralivres.ma\/index.php?rest_route=\/wp\/v2\/product"}],"about":[{"href":"https:\/\/baralivres.ma\/index.php?rest_route=\/wp\/v2\/types\/product"}],"replies":[{"embeddable":true,"href":"https:\/\/baralivres.ma\/index.php?rest_route=%2Fwp%2Fv2%2Fcomments&post=10553"}],"version-history":[{"count":2,"href":"https:\/\/baralivres.ma\/index.php?rest_route=\/wp\/v2\/product\/10553\/revisions"}],"predecessor-version":[{"id":12085,"href":"https:\/\/baralivres.ma\/index.php?rest_route=\/wp\/v2\/product\/10553\/revisions\/12085"}],"wp:featuredmedia":[{"embeddable":true,"href":"https:\/\/baralivres.ma\/index.php?rest_route=\/wp\/v2\/media\/10559"}],"wp:attachment":[{"href":"https:\/\/baralivres.ma\/index.php?rest_route=%2Fwp%2Fv2%2Fmedia&parent=10553"}],"wp:term":[{"taxonomy":"product_cat","embeddable":true,"href":"https:\/\/baralivres.ma\/index.php?rest_route=%2Fwp%2Fv2%2Fproduct_cat&post=10553"},{"taxonomy":"product_tag","embeddable":true,"href":"https:\/\/baralivres.ma\/index.php?rest_route=%2Fwp%2Fv2%2Fproduct_tag&post=10553"}],"curies":[{"name":"wp","href":"https:\/\/api.w.org\/{rel}","templated":true}]}}