{"id":10548,"date":"2023-08-25T16:50:31","date_gmt":"2023-08-25T15:50:31","guid":{"rendered":"https:\/\/baralivres.ma\/?post_type=product&#038;p=10548"},"modified":"2024-10-30T10:51:40","modified_gmt":"2024-10-30T09:51:40","slug":"mes-stickers-de-reve-magie-a-arendelle","status":"publish","type":"product","link":"https:\/\/baralivres.ma\/?product=mes-stickers-de-reve-magie-a-arendelle","title":{"rendered":"Mes stickers de r\u00eave Magie \u00e0 Arendelle"},"content":{"rendered":"<p>Plonge dans un monde de r\u00eave et d&rsquo;aventures gr\u00e2ce \u00e0 ce super livre de stickers ! Retrouve tous tes personnages pr\u00e9f\u00e9r\u00e9s et amuse-toi \u00e0 animer des sc\u00e8nes mythiques.<\/p>\n","protected":false},"excerpt":{"rendered":"<p>Plonge dans un monde de r\u00eave et d&rsquo;aventures gr\u00e2ce \u00e0 ce super livre de stickers ! Retrouve tous tes personnages pr\u00e9f\u00e9r\u00e9s et amuse-toi \u00e0 animer des sc\u00e8nes mythiques.<\/p>\n","protected":false},"featured_media":10550,"comment_status":"open","ping_status":"closed","template":"","meta":{"inline_featured_image":false},"product_cat":[215,200],"product_tag":[],"class_list":{"0":"post-10548","1":"product","2":"type-product","3":"status-publish","4":"has-post-thumbnail","6":"product_cat-enfant","7":"product_cat-activites","9":"first","10":"instock","11":"shipping-taxable","12":"purchasable","13":"product-type-simple"},"_links":{"self":[{"href":"https:\/\/baralivres.ma\/index.php?rest_route=\/wp\/v2\/product\/10548","targetHints":{"allow":["GET"]}}],"collection":[{"href":"https:\/\/baralivres.ma\/index.php?rest_route=\/wp\/v2\/product"}],"about":[{"href":"https:\/\/baralivres.ma\/index.php?rest_route=\/wp\/v2\/types\/product"}],"replies":[{"embeddable":true,"href":"https:\/\/baralivres.ma\/index.php?rest_route=%2Fwp%2Fv2%2Fcomments&post=10548"}],"version-history":[{"count":1,"href":"https:\/\/baralivres.ma\/index.php?rest_route=\/wp\/v2\/product\/10548\/revisions"}],"predecessor-version":[{"id":10551,"href":"https:\/\/baralivres.ma\/index.php?rest_route=\/wp\/v2\/product\/10548\/revisions\/10551"}],"wp:featuredmedia":[{"embeddable":true,"href":"https:\/\/baralivres.ma\/index.php?rest_route=\/wp\/v2\/media\/10550"}],"wp:attachment":[{"href":"https:\/\/baralivres.ma\/index.php?rest_route=%2Fwp%2Fv2%2Fmedia&parent=10548"}],"wp:term":[{"taxonomy":"product_cat","embeddable":true,"href":"https:\/\/baralivres.ma\/index.php?rest_route=%2Fwp%2Fv2%2Fproduct_cat&post=10548"},{"taxonomy":"product_tag","embeddable":true,"href":"https:\/\/baralivres.ma\/index.php?rest_route=%2Fwp%2Fv2%2Fproduct_tag&post=10548"}],"curies":[{"name":"wp","href":"https:\/\/api.w.org\/{rel}","templated":true}]}}