{"id":10547,"date":"2023-08-25T16:50:48","date_gmt":"2023-08-25T15:50:48","guid":{"rendered":"https:\/\/baralivres.ma\/?post_type=product&#038;p=10547"},"modified":"2024-11-06T22:11:25","modified_gmt":"2024-11-06T21:11:25","slug":"dragons","status":"publish","type":"product","link":"https:\/\/baralivres.ma\/?product=dragons","title":{"rendered":"DRAGONS"},"content":{"rendered":"<p>Un format mini \u00e0 emporter partout. Bien plus que de simples coloriages, les mandalas favorisent la concentration, la cr\u00e9ativit\u00e9 et la relaxation. Vous trouverez dans ce bloc 40 mandalas imprim\u00e9s sur un papier \u00e9pais et des feuilles d\u00e9tachables. Avec \u00e9galement l&rsquo;histoire des mandalas au travers des \u00e2ges et des civilisations, ainsi que des conseils pour aider votre enfant dans ses premiers mandalas.<\/p>\n","protected":false},"excerpt":{"rendered":"<p>Un format mini \u00e0 emporter partout. Bien plus que de simples coloriages, les mandalas favorisent la concentration, la cr\u00e9ativit\u00e9 et la relaxation. Vous trouverez dans ce bloc 40 mandalas imprim\u00e9s sur un papier \u00e9pais et des feuilles d\u00e9tachables. Avec \u00e9galement l&rsquo;histoire des mandalas au travers des \u00e2ges et des civilisations, ainsi que des conseils pour [&hellip;]<\/p>\n","protected":false},"featured_media":10549,"comment_status":"open","ping_status":"closed","template":"","meta":{"inline_featured_image":false},"product_cat":[210,200],"product_tag":[],"class_list":{"0":"post-10547","1":"product","2":"type-product","3":"status-publish","4":"has-post-thumbnail","6":"product_cat-activites-bebe-enfant","7":"product_cat-activites","9":"first","10":"instock","11":"shipping-taxable","12":"purchasable","13":"product-type-simple"},"_links":{"self":[{"href":"https:\/\/baralivres.ma\/index.php?rest_route=\/wp\/v2\/product\/10547","targetHints":{"allow":["GET"]}}],"collection":[{"href":"https:\/\/baralivres.ma\/index.php?rest_route=\/wp\/v2\/product"}],"about":[{"href":"https:\/\/baralivres.ma\/index.php?rest_route=\/wp\/v2\/types\/product"}],"replies":[{"embeddable":true,"href":"https:\/\/baralivres.ma\/index.php?rest_route=%2Fwp%2Fv2%2Fcomments&post=10547"}],"version-history":[{"count":1,"href":"https:\/\/baralivres.ma\/index.php?rest_route=\/wp\/v2\/product\/10547\/revisions"}],"predecessor-version":[{"id":10552,"href":"https:\/\/baralivres.ma\/index.php?rest_route=\/wp\/v2\/product\/10547\/revisions\/10552"}],"wp:featuredmedia":[{"embeddable":true,"href":"https:\/\/baralivres.ma\/index.php?rest_route=\/wp\/v2\/media\/10549"}],"wp:attachment":[{"href":"https:\/\/baralivres.ma\/index.php?rest_route=%2Fwp%2Fv2%2Fmedia&parent=10547"}],"wp:term":[{"taxonomy":"product_cat","embeddable":true,"href":"https:\/\/baralivres.ma\/index.php?rest_route=%2Fwp%2Fv2%2Fproduct_cat&post=10547"},{"taxonomy":"product_tag","embeddable":true,"href":"https:\/\/baralivres.ma\/index.php?rest_route=%2Fwp%2Fv2%2Fproduct_tag&post=10547"}],"curies":[{"name":"wp","href":"https:\/\/api.w.org\/{rel}","templated":true}]}}