{"id":10535,"date":"2023-08-25T16:46:29","date_gmt":"2023-08-25T15:46:29","guid":{"rendered":"https:\/\/baralivres.ma\/?post_type=product&#038;p=10535"},"modified":"2024-10-30T10:52:27","modified_gmt":"2024-10-30T09:52:27","slug":"star-wars-le-cahier-de-stickers-ultime","status":"publish","type":"product","link":"https:\/\/baralivres.ma\/?product=star-wars-le-cahier-de-stickers-ultime","title":{"rendered":"STAR WARS &#8211; Le cahier de stickers ultime"},"content":{"rendered":"<p>Compl\u00e8te ton univers Star Wars ! Avec ce cahier, plonge dans ta galaxie pr\u00e9f\u00e9r\u00e9e : d\u00e9core les pages avec tes 100 autocollants et rel\u00e8ve tous les d\u00e9fis pour savoir si tues un(e) vrai(e) fan&#8230;<\/p>\n","protected":false},"excerpt":{"rendered":"<p>Compl\u00e8te ton univers Star Wars ! Avec ce cahier, plonge dans ta galaxie pr\u00e9f\u00e9r\u00e9e : d\u00e9core les pages avec tes 100 autocollants et rel\u00e8ve tous les d\u00e9fis pour savoir si tues un(e) vrai(e) fan&#8230;<\/p>\n","protected":false},"featured_media":10539,"comment_status":"open","ping_status":"closed","template":"","meta":{"inline_featured_image":false},"product_cat":[215,200],"product_tag":[],"class_list":{"0":"post-10535","1":"product","2":"type-product","3":"status-publish","4":"has-post-thumbnail","6":"product_cat-enfant","7":"product_cat-activites","9":"first","10":"instock","11":"shipping-taxable","12":"purchasable","13":"product-type-simple"},"_links":{"self":[{"href":"https:\/\/baralivres.ma\/index.php?rest_route=\/wp\/v2\/product\/10535","targetHints":{"allow":["GET"]}}],"collection":[{"href":"https:\/\/baralivres.ma\/index.php?rest_route=\/wp\/v2\/product"}],"about":[{"href":"https:\/\/baralivres.ma\/index.php?rest_route=\/wp\/v2\/types\/product"}],"replies":[{"embeddable":true,"href":"https:\/\/baralivres.ma\/index.php?rest_route=%2Fwp%2Fv2%2Fcomments&post=10535"}],"version-history":[{"count":1,"href":"https:\/\/baralivres.ma\/index.php?rest_route=\/wp\/v2\/product\/10535\/revisions"}],"predecessor-version":[{"id":10542,"href":"https:\/\/baralivres.ma\/index.php?rest_route=\/wp\/v2\/product\/10535\/revisions\/10542"}],"wp:featuredmedia":[{"embeddable":true,"href":"https:\/\/baralivres.ma\/index.php?rest_route=\/wp\/v2\/media\/10539"}],"wp:attachment":[{"href":"https:\/\/baralivres.ma\/index.php?rest_route=%2Fwp%2Fv2%2Fmedia&parent=10535"}],"wp:term":[{"taxonomy":"product_cat","embeddable":true,"href":"https:\/\/baralivres.ma\/index.php?rest_route=%2Fwp%2Fv2%2Fproduct_cat&post=10535"},{"taxonomy":"product_tag","embeddable":true,"href":"https:\/\/baralivres.ma\/index.php?rest_route=%2Fwp%2Fv2%2Fproduct_tag&post=10535"}],"curies":[{"name":"wp","href":"https:\/\/api.w.org\/{rel}","templated":true}]}}