{"id":10531,"date":"2023-08-25T16:45:00","date_gmt":"2023-08-25T15:45:00","guid":{"rendered":"https:\/\/baralivres.ma\/?post_type=product&#038;p=10531"},"modified":"2024-10-30T10:52:58","modified_gmt":"2024-10-30T09:52:58","slug":"le-cahier-de-stickers-ultime-the-infinity-saga-marvel","status":"publish","type":"product","link":"https:\/\/baralivres.ma\/?product=le-cahier-de-stickers-ultime-the-infinity-saga-marvel","title":{"rendered":"Le cahier de stickers ultime The Infinity Saga Marvel"},"content":{"rendered":"<p>Un cahier de stickers et de jeux \u00e0 compl\u00e9ter avec les images des films \u00e0 coller ! Un cahier de 24 pages contenant toutes les informations sur les personnages et les films Marvel, des pages \u00e0 animer avec des stickers, des jeux et des quizz pour tester ses connaissances. D\u00e8s 6 ans.<\/p>\n","protected":false},"excerpt":{"rendered":"<p>Un cahier de stickers et de jeux \u00e0 compl\u00e9ter avec les images des films \u00e0 coller ! Un cahier de 24 pages contenant toutes les informations sur les personnages et les films Marvel<\/p>\n","protected":false},"featured_media":10532,"comment_status":"open","ping_status":"closed","template":"","meta":{"inline_featured_image":false},"product_cat":[215,200],"product_tag":[],"class_list":{"0":"post-10531","1":"product","2":"type-product","3":"status-publish","4":"has-post-thumbnail","6":"product_cat-enfant","7":"product_cat-activites","9":"first","10":"instock","11":"shipping-taxable","12":"purchasable","13":"product-type-simple"},"_links":{"self":[{"href":"https:\/\/baralivres.ma\/index.php?rest_route=\/wp\/v2\/product\/10531","targetHints":{"allow":["GET"]}}],"collection":[{"href":"https:\/\/baralivres.ma\/index.php?rest_route=\/wp\/v2\/product"}],"about":[{"href":"https:\/\/baralivres.ma\/index.php?rest_route=\/wp\/v2\/types\/product"}],"replies":[{"embeddable":true,"href":"https:\/\/baralivres.ma\/index.php?rest_route=%2Fwp%2Fv2%2Fcomments&post=10531"}],"version-history":[{"count":1,"href":"https:\/\/baralivres.ma\/index.php?rest_route=\/wp\/v2\/product\/10531\/revisions"}],"predecessor-version":[{"id":10533,"href":"https:\/\/baralivres.ma\/index.php?rest_route=\/wp\/v2\/product\/10531\/revisions\/10533"}],"wp:featuredmedia":[{"embeddable":true,"href":"https:\/\/baralivres.ma\/index.php?rest_route=\/wp\/v2\/media\/10532"}],"wp:attachment":[{"href":"https:\/\/baralivres.ma\/index.php?rest_route=%2Fwp%2Fv2%2Fmedia&parent=10531"}],"wp:term":[{"taxonomy":"product_cat","embeddable":true,"href":"https:\/\/baralivres.ma\/index.php?rest_route=%2Fwp%2Fv2%2Fproduct_cat&post=10531"},{"taxonomy":"product_tag","embeddable":true,"href":"https:\/\/baralivres.ma\/index.php?rest_route=%2Fwp%2Fv2%2Fproduct_tag&post=10531"}],"curies":[{"name":"wp","href":"https:\/\/api.w.org\/{rel}","templated":true}]}}