{"id":10523,"date":"2023-08-25T16:42:45","date_gmt":"2023-08-25T15:42:45","guid":{"rendered":"https:\/\/baralivres.ma\/?post_type=product&#038;p=10523"},"modified":"2024-11-06T22:13:04","modified_gmt":"2024-11-06T21:13:04","slug":"galaxies","status":"publish","type":"product","link":"https:\/\/baralivres.ma\/?product=galaxies","title":{"rendered":"Galaxies"},"content":{"rendered":"<p>Venus d&rsquo;Inde, les mandalas ont conquis toutes les g\u00e9n\u00e9rations. Au-del\u00e0 d&rsquo;\u00eatre de simples coloriages, ils favorisent la concentration, la cr\u00e9ativit\u00e9 et la relaxation. Vous trouverez dans ce bloc 40 mandalas sur le th\u00e8me des galaxies. Ce bloc pr\u00e9sente \u00e9galement l&rsquo;histoire des mandalas au travers des civilisations, ainsi que des conseils pour aider votre enfant \u00e0 r\u00e9aliser ses premiers mandalas.<\/p>\n","protected":false},"excerpt":{"rendered":"<p>Un format mini \u00e0 emporter partout. Bien plus que de simples coloriages, les mandalas favorisent la concentration, la cr\u00e9ativit\u00e9 et la relaxation.<\/p>\n","protected":false},"featured_media":10526,"comment_status":"open","ping_status":"closed","template":"","meta":{"inline_featured_image":false},"product_cat":[210,200],"product_tag":[],"class_list":{"0":"post-10523","1":"product","2":"type-product","3":"status-publish","4":"has-post-thumbnail","6":"product_cat-activites-bebe-enfant","7":"product_cat-activites","9":"first","10":"instock","11":"shipping-taxable","12":"purchasable","13":"product-type-simple"},"_links":{"self":[{"href":"https:\/\/baralivres.ma\/index.php?rest_route=\/wp\/v2\/product\/10523","targetHints":{"allow":["GET"]}}],"collection":[{"href":"https:\/\/baralivres.ma\/index.php?rest_route=\/wp\/v2\/product"}],"about":[{"href":"https:\/\/baralivres.ma\/index.php?rest_route=\/wp\/v2\/types\/product"}],"replies":[{"embeddable":true,"href":"https:\/\/baralivres.ma\/index.php?rest_route=%2Fwp%2Fv2%2Fcomments&post=10523"}],"version-history":[{"count":1,"href":"https:\/\/baralivres.ma\/index.php?rest_route=\/wp\/v2\/product\/10523\/revisions"}],"predecessor-version":[{"id":10530,"href":"https:\/\/baralivres.ma\/index.php?rest_route=\/wp\/v2\/product\/10523\/revisions\/10530"}],"wp:featuredmedia":[{"embeddable":true,"href":"https:\/\/baralivres.ma\/index.php?rest_route=\/wp\/v2\/media\/10526"}],"wp:attachment":[{"href":"https:\/\/baralivres.ma\/index.php?rest_route=%2Fwp%2Fv2%2Fmedia&parent=10523"}],"wp:term":[{"taxonomy":"product_cat","embeddable":true,"href":"https:\/\/baralivres.ma\/index.php?rest_route=%2Fwp%2Fv2%2Fproduct_cat&post=10523"},{"taxonomy":"product_tag","embeddable":true,"href":"https:\/\/baralivres.ma\/index.php?rest_route=%2Fwp%2Fv2%2Fproduct_tag&post=10523"}],"curies":[{"name":"wp","href":"https:\/\/api.w.org\/{rel}","templated":true}]}}