{"id":10522,"date":"2023-08-25T16:39:33","date_gmt":"2023-08-25T15:39:33","guid":{"rendered":"https:\/\/baralivres.ma\/?post_type=product&#038;p=10522"},"modified":"2024-11-06T22:27:40","modified_gmt":"2024-11-06T21:27:40","slug":"mon-ptit-colo-vaiana-la-legende-du-bout-du-monde","status":"publish","type":"product","link":"https:\/\/baralivres.ma\/?product=mon-ptit-colo-vaiana-la-legende-du-bout-du-monde","title":{"rendered":"Mon p&rsquo;tit colo Vaiana, la l\u00e9gende du bout du monde"},"content":{"rendered":"<p><strong>Un mini-cahier de coloriages \u00e0 emporter partout et tout le temps ! Dans ce format ultra-pratique, \u00e0 glisser dans un sac ou dans une poche, 15 dessins en noir et blanc des personnages du film Vaiana \u00e0 colorier selon ses envies. D\u00e8s 2 ans.<\/strong><\/p>\n","protected":false},"excerpt":{"rendered":"<p>Un mini-cahier de coloriages \u00e0 emporter partout et tout le temps<\/p>\n","protected":false},"featured_media":10524,"comment_status":"open","ping_status":"closed","template":"","meta":{"inline_featured_image":false},"product_cat":[210,200],"product_tag":[],"class_list":{"0":"post-10522","1":"product","2":"type-product","3":"status-publish","4":"has-post-thumbnail","6":"product_cat-activites-bebe-enfant","7":"product_cat-activites","9":"first","10":"instock","11":"shipping-taxable","12":"purchasable","13":"product-type-simple"},"_links":{"self":[{"href":"https:\/\/baralivres.ma\/index.php?rest_route=\/wp\/v2\/product\/10522","targetHints":{"allow":["GET"]}}],"collection":[{"href":"https:\/\/baralivres.ma\/index.php?rest_route=\/wp\/v2\/product"}],"about":[{"href":"https:\/\/baralivres.ma\/index.php?rest_route=\/wp\/v2\/types\/product"}],"replies":[{"embeddable":true,"href":"https:\/\/baralivres.ma\/index.php?rest_route=%2Fwp%2Fv2%2Fcomments&post=10522"}],"version-history":[{"count":1,"href":"https:\/\/baralivres.ma\/index.php?rest_route=\/wp\/v2\/product\/10522\/revisions"}],"predecessor-version":[{"id":10525,"href":"https:\/\/baralivres.ma\/index.php?rest_route=\/wp\/v2\/product\/10522\/revisions\/10525"}],"wp:featuredmedia":[{"embeddable":true,"href":"https:\/\/baralivres.ma\/index.php?rest_route=\/wp\/v2\/media\/10524"}],"wp:attachment":[{"href":"https:\/\/baralivres.ma\/index.php?rest_route=%2Fwp%2Fv2%2Fmedia&parent=10522"}],"wp:term":[{"taxonomy":"product_cat","embeddable":true,"href":"https:\/\/baralivres.ma\/index.php?rest_route=%2Fwp%2Fv2%2Fproduct_cat&post=10522"},{"taxonomy":"product_tag","embeddable":true,"href":"https:\/\/baralivres.ma\/index.php?rest_route=%2Fwp%2Fv2%2Fproduct_tag&post=10522"}],"curies":[{"name":"wp","href":"https:\/\/api.w.org\/{rel}","templated":true}]}}