{"id":10514,"date":"2023-08-25T16:35:32","date_gmt":"2023-08-25T15:35:32","guid":{"rendered":"https:\/\/baralivres.ma\/?post_type=product&#038;p=10514"},"modified":"2024-11-06T22:30:12","modified_gmt":"2024-11-06T21:30:12","slug":"mon-ptit-colo-le-monde-de-bingo-rolly","status":"publish","type":"product","link":"https:\/\/baralivres.ma\/?product=mon-ptit-colo-le-monde-de-bingo-rolly","title":{"rendered":"Mon p&rsquo;tit colo Le monde de Bingo &amp; Rolly"},"content":{"rendered":"<p>Un mini-cahier de coloriages \u00e0 emporter partout et tout le temps ! Dans ce format ultra-pratique, \u00e0 glisser dans un sac ou dans une poche, 15 dessins en noir et blanc des personnages de la s\u00e9rie Bingo et Rolly \u00e0 colorier selon ses envies. D\u00e8s 2 ans.<\/p>\n","protected":false},"excerpt":{"rendered":"<p>Un mini-cahier de coloriages \u00e0 emporter partout et tout le temps !<\/p>\n","protected":false},"featured_media":10515,"comment_status":"open","ping_status":"closed","template":"","meta":{"inline_featured_image":false},"product_cat":[210,200],"product_tag":[],"class_list":{"0":"post-10514","1":"product","2":"type-product","3":"status-publish","4":"has-post-thumbnail","6":"product_cat-activites-bebe-enfant","7":"product_cat-activites","9":"first","10":"instock","11":"shipping-taxable","12":"purchasable","13":"product-type-simple"},"_links":{"self":[{"href":"https:\/\/baralivres.ma\/index.php?rest_route=\/wp\/v2\/product\/10514","targetHints":{"allow":["GET"]}}],"collection":[{"href":"https:\/\/baralivres.ma\/index.php?rest_route=\/wp\/v2\/product"}],"about":[{"href":"https:\/\/baralivres.ma\/index.php?rest_route=\/wp\/v2\/types\/product"}],"replies":[{"embeddable":true,"href":"https:\/\/baralivres.ma\/index.php?rest_route=%2Fwp%2Fv2%2Fcomments&post=10514"}],"version-history":[{"count":1,"href":"https:\/\/baralivres.ma\/index.php?rest_route=\/wp\/v2\/product\/10514\/revisions"}],"predecessor-version":[{"id":10516,"href":"https:\/\/baralivres.ma\/index.php?rest_route=\/wp\/v2\/product\/10514\/revisions\/10516"}],"wp:featuredmedia":[{"embeddable":true,"href":"https:\/\/baralivres.ma\/index.php?rest_route=\/wp\/v2\/media\/10515"}],"wp:attachment":[{"href":"https:\/\/baralivres.ma\/index.php?rest_route=%2Fwp%2Fv2%2Fmedia&parent=10514"}],"wp:term":[{"taxonomy":"product_cat","embeddable":true,"href":"https:\/\/baralivres.ma\/index.php?rest_route=%2Fwp%2Fv2%2Fproduct_cat&post=10514"},{"taxonomy":"product_tag","embeddable":true,"href":"https:\/\/baralivres.ma\/index.php?rest_route=%2Fwp%2Fv2%2Fproduct_tag&post=10514"}],"curies":[{"name":"wp","href":"https:\/\/api.w.org\/{rel}","templated":true}]}}