{"id":10506,"date":"2023-08-25T16:17:21","date_gmt":"2023-08-25T15:17:21","guid":{"rendered":"https:\/\/baralivres.ma\/?post_type=product&#038;p=10506"},"modified":"2024-11-06T22:31:09","modified_gmt":"2024-11-06T21:31:09","slug":"en-avant-mes-coloriages","status":"publish","type":"product","link":"https:\/\/baralivres.ma\/?product=en-avant-mes-coloriages","title":{"rendered":"En avant &#8211; Mes coloriages"},"content":{"rendered":"<p>Un cahier d&rsquo;activit\u00e9s pour s&rsquo;amuser \u00e0 colorier tous les h\u00e9ros du film Pixar En Avant ! Un cahier grand format de 32 pages qui propose des coloriages en noir et blanc, sur jolis fonds color\u00e9s. D\u00e8s 3 ans.<\/p>\n","protected":false},"excerpt":{"rendered":"<p>Un cahier d&rsquo;activit\u00e9s pour s&rsquo;amuser \u00e0 colorier tous les h\u00e9ros du film Pixar En Avant<\/p>\n","protected":false},"featured_media":10507,"comment_status":"open","ping_status":"closed","template":"","meta":{"inline_featured_image":false},"product_cat":[210,200],"product_tag":[],"class_list":{"0":"post-10506","1":"product","2":"type-product","3":"status-publish","4":"has-post-thumbnail","6":"product_cat-activites-bebe-enfant","7":"product_cat-activites","9":"first","10":"instock","11":"shipping-taxable","12":"purchasable","13":"product-type-simple"},"_links":{"self":[{"href":"https:\/\/baralivres.ma\/index.php?rest_route=\/wp\/v2\/product\/10506","targetHints":{"allow":["GET"]}}],"collection":[{"href":"https:\/\/baralivres.ma\/index.php?rest_route=\/wp\/v2\/product"}],"about":[{"href":"https:\/\/baralivres.ma\/index.php?rest_route=\/wp\/v2\/types\/product"}],"replies":[{"embeddable":true,"href":"https:\/\/baralivres.ma\/index.php?rest_route=%2Fwp%2Fv2%2Fcomments&post=10506"}],"version-history":[{"count":1,"href":"https:\/\/baralivres.ma\/index.php?rest_route=\/wp\/v2\/product\/10506\/revisions"}],"predecessor-version":[{"id":10509,"href":"https:\/\/baralivres.ma\/index.php?rest_route=\/wp\/v2\/product\/10506\/revisions\/10509"}],"wp:featuredmedia":[{"embeddable":true,"href":"https:\/\/baralivres.ma\/index.php?rest_route=\/wp\/v2\/media\/10507"}],"wp:attachment":[{"href":"https:\/\/baralivres.ma\/index.php?rest_route=%2Fwp%2Fv2%2Fmedia&parent=10506"}],"wp:term":[{"taxonomy":"product_cat","embeddable":true,"href":"https:\/\/baralivres.ma\/index.php?rest_route=%2Fwp%2Fv2%2Fproduct_cat&post=10506"},{"taxonomy":"product_tag","embeddable":true,"href":"https:\/\/baralivres.ma\/index.php?rest_route=%2Fwp%2Fv2%2Fproduct_tag&post=10506"}],"curies":[{"name":"wp","href":"https:\/\/api.w.org\/{rel}","templated":true}]}}