{"id":10501,"date":"2023-08-25T16:14:45","date_gmt":"2023-08-25T15:14:45","guid":{"rendered":"https:\/\/baralivres.ma\/?post_type=product&#038;p=10501"},"modified":"2024-10-30T10:54:05","modified_gmt":"2024-10-30T09:54:05","slug":"les-saisons-disney-baby","status":"publish","type":"product","link":"https:\/\/baralivres.ma\/?product=les-saisons-disney-baby","title":{"rendered":"Les saisons Disney baby"},"content":{"rendered":"<p>Le premier cahier d&rsquo;autocollants repositionnables pour s&rsquo;amuser \u00e0 habiller et d\u00e9guiser les personnages Disney pr\u00e9f\u00e9r\u00e9s des tout-petits !<\/p>\n","protected":false},"excerpt":{"rendered":"<p>Le premier cahier d&rsquo;autocollants repositionnables pour s&rsquo;amuser \u00e0 habiller et d\u00e9guiser les personnages Disney pr\u00e9f\u00e9r\u00e9s des tout-petits !<\/p>\n","protected":false},"featured_media":10502,"comment_status":"open","ping_status":"closed","template":"","meta":{"inline_featured_image":false},"product_cat":[215,200],"product_tag":[],"class_list":{"0":"post-10501","1":"product","2":"type-product","3":"status-publish","4":"has-post-thumbnail","6":"product_cat-enfant","7":"product_cat-activites","9":"first","10":"instock","11":"shipping-taxable","12":"purchasable","13":"product-type-simple"},"_links":{"self":[{"href":"https:\/\/baralivres.ma\/index.php?rest_route=\/wp\/v2\/product\/10501","targetHints":{"allow":["GET"]}}],"collection":[{"href":"https:\/\/baralivres.ma\/index.php?rest_route=\/wp\/v2\/product"}],"about":[{"href":"https:\/\/baralivres.ma\/index.php?rest_route=\/wp\/v2\/types\/product"}],"replies":[{"embeddable":true,"href":"https:\/\/baralivres.ma\/index.php?rest_route=%2Fwp%2Fv2%2Fcomments&post=10501"}],"version-history":[{"count":1,"href":"https:\/\/baralivres.ma\/index.php?rest_route=\/wp\/v2\/product\/10501\/revisions"}],"predecessor-version":[{"id":10505,"href":"https:\/\/baralivres.ma\/index.php?rest_route=\/wp\/v2\/product\/10501\/revisions\/10505"}],"wp:featuredmedia":[{"embeddable":true,"href":"https:\/\/baralivres.ma\/index.php?rest_route=\/wp\/v2\/media\/10502"}],"wp:attachment":[{"href":"https:\/\/baralivres.ma\/index.php?rest_route=%2Fwp%2Fv2%2Fmedia&parent=10501"}],"wp:term":[{"taxonomy":"product_cat","embeddable":true,"href":"https:\/\/baralivres.ma\/index.php?rest_route=%2Fwp%2Fv2%2Fproduct_cat&post=10501"},{"taxonomy":"product_tag","embeddable":true,"href":"https:\/\/baralivres.ma\/index.php?rest_route=%2Fwp%2Fv2%2Fproduct_tag&post=10501"}],"curies":[{"name":"wp","href":"https:\/\/api.w.org\/{rel}","templated":true}]}}