{"id":10497,"date":"2023-08-25T16:14:35","date_gmt":"2023-08-25T15:14:35","guid":{"rendered":"https:\/\/baralivres.ma\/?post_type=product&#038;p=10497"},"modified":"2024-11-06T22:32:24","modified_gmt":"2024-11-06T21:32:24","slug":"les-multiplications-avec-40-cartes-et-1-feutre","status":"publish","type":"product","link":"https:\/\/baralivres.ma\/?product=les-multiplications-avec-40-cartes-et-1-feutre","title":{"rendered":"Les multiplications &#8211; Avec 40 cartes et 1 feutre"},"content":{"rendered":"<p>80 fiches plastifi\u00e9es et une m\u00e9thode ludique pour apprendre les multiplications.\u00a0La bo\u00eete se replie comme un chevalet pour dessiner en toutes occasions. Le feutre est effa\u00e7able et les fiches sont plastifi\u00e9es pour effacer et recommencer.<\/p>\n","protected":false},"excerpt":{"rendered":"<p>Une m\u00e9thode simple et ludique pour m\u00e9moriser les tables de multiplication, en s&rsquo;amusant avec les chiffres.<\/p>\n","protected":false},"featured_media":10499,"comment_status":"open","ping_status":"closed","template":"","meta":{"inline_featured_image":false},"product_cat":[210,200],"product_tag":[],"class_list":{"0":"post-10497","1":"product","2":"type-product","3":"status-publish","4":"has-post-thumbnail","6":"product_cat-activites-bebe-enfant","7":"product_cat-activites","9":"first","10":"instock","11":"shipping-taxable","12":"purchasable","13":"product-type-simple"},"_links":{"self":[{"href":"https:\/\/baralivres.ma\/index.php?rest_route=\/wp\/v2\/product\/10497","targetHints":{"allow":["GET"]}}],"collection":[{"href":"https:\/\/baralivres.ma\/index.php?rest_route=\/wp\/v2\/product"}],"about":[{"href":"https:\/\/baralivres.ma\/index.php?rest_route=\/wp\/v2\/types\/product"}],"replies":[{"embeddable":true,"href":"https:\/\/baralivres.ma\/index.php?rest_route=%2Fwp%2Fv2%2Fcomments&post=10497"}],"version-history":[{"count":1,"href":"https:\/\/baralivres.ma\/index.php?rest_route=\/wp\/v2\/product\/10497\/revisions"}],"predecessor-version":[{"id":10503,"href":"https:\/\/baralivres.ma\/index.php?rest_route=\/wp\/v2\/product\/10497\/revisions\/10503"}],"wp:featuredmedia":[{"embeddable":true,"href":"https:\/\/baralivres.ma\/index.php?rest_route=\/wp\/v2\/media\/10499"}],"wp:attachment":[{"href":"https:\/\/baralivres.ma\/index.php?rest_route=%2Fwp%2Fv2%2Fmedia&parent=10497"}],"wp:term":[{"taxonomy":"product_cat","embeddable":true,"href":"https:\/\/baralivres.ma\/index.php?rest_route=%2Fwp%2Fv2%2Fproduct_cat&post=10497"},{"taxonomy":"product_tag","embeddable":true,"href":"https:\/\/baralivres.ma\/index.php?rest_route=%2Fwp%2Fv2%2Fproduct_tag&post=10497"}],"curies":[{"name":"wp","href":"https:\/\/api.w.org\/{rel}","templated":true}]}}