{"id":10495,"date":"2023-08-25T16:13:29","date_gmt":"2023-08-25T15:13:29","guid":{"rendered":"https:\/\/baralivres.ma\/?post_type=product&#038;p=10495"},"modified":"2023-11-07T13:11:27","modified_gmt":"2023-11-07T12:11:27","slug":"101-dalmatiens","status":"publish","type":"product","link":"https:\/\/baralivres.ma\/?product=101-dalmatiens","title":{"rendered":"101 dalmatiens"},"content":{"rendered":"<p>Un grand livre de coloriages avec les h\u00e9ros du film Les 101 Dalmatiens ! &#8211; Un cahier de 30 coloriages avec des illustrations soign\u00e9es et modernes, \u00e0 coloriser selon ses envies : des d\u00e9tails en couleurs pour favoriser l&rsquo;envie de cr\u00e9ativit\u00e9. &#8211; Un papier \u00e9pais qui autorise le coloriage au crayon de couleur ou au feutre, sans transpercer. D\u00e8s 3-4 ans.<\/p>\n","protected":false},"excerpt":{"rendered":"<p>Un grand livre de coloriages avec les h\u00e9ros du film Les 101 Dalmatiens !<\/p>\n","protected":false},"featured_media":10498,"comment_status":"open","ping_status":"closed","template":"","meta":{"inline_featured_image":false},"product_cat":[204],"product_tag":[],"class_list":{"0":"post-10495","1":"product","2":"type-product","3":"status-publish","4":"has-post-thumbnail","6":"product_cat-francais","8":"first","9":"instock","10":"shipping-taxable","11":"purchasable","12":"product-type-simple"},"_links":{"self":[{"href":"https:\/\/baralivres.ma\/index.php?rest_route=\/wp\/v2\/product\/10495","targetHints":{"allow":["GET"]}}],"collection":[{"href":"https:\/\/baralivres.ma\/index.php?rest_route=\/wp\/v2\/product"}],"about":[{"href":"https:\/\/baralivres.ma\/index.php?rest_route=\/wp\/v2\/types\/product"}],"replies":[{"embeddable":true,"href":"https:\/\/baralivres.ma\/index.php?rest_route=%2Fwp%2Fv2%2Fcomments&post=10495"}],"version-history":[{"count":1,"href":"https:\/\/baralivres.ma\/index.php?rest_route=\/wp\/v2\/product\/10495\/revisions"}],"predecessor-version":[{"id":10500,"href":"https:\/\/baralivres.ma\/index.php?rest_route=\/wp\/v2\/product\/10495\/revisions\/10500"}],"wp:featuredmedia":[{"embeddable":true,"href":"https:\/\/baralivres.ma\/index.php?rest_route=\/wp\/v2\/media\/10498"}],"wp:attachment":[{"href":"https:\/\/baralivres.ma\/index.php?rest_route=%2Fwp%2Fv2%2Fmedia&parent=10495"}],"wp:term":[{"taxonomy":"product_cat","embeddable":true,"href":"https:\/\/baralivres.ma\/index.php?rest_route=%2Fwp%2Fv2%2Fproduct_cat&post=10495"},{"taxonomy":"product_tag","embeddable":true,"href":"https:\/\/baralivres.ma\/index.php?rest_route=%2Fwp%2Fv2%2Fproduct_tag&post=10495"}],"curies":[{"name":"wp","href":"https:\/\/api.w.org\/{rel}","templated":true}]}}