{"id":10488,"date":"2023-08-25T16:08:27","date_gmt":"2023-08-25T15:08:27","guid":{"rendered":"https:\/\/baralivres.ma\/?post_type=product&#038;p=10488"},"modified":"2024-10-30T10:54:32","modified_gmt":"2024-10-30T09:54:32","slug":"mes-coloriages-avec-stickers-luca","status":"publish","type":"product","link":"https:\/\/baralivres.ma\/?product=mes-coloriages-avec-stickers-luca","title":{"rendered":"Mes coloriages avec stickers LUCA"},"content":{"rendered":"<p>Un cahier d&rsquo;activit\u00e9s pour s&rsquo;amuser \u00e0 colorier les personnages du film Luca, et \u00e0 d\u00e9corer ses affaires avec les stickers ! &#8211; Un cahier grand format de 24 pages qui propose des coloriages en noir et blanc, accompagn\u00e9s des mod\u00e8les en couleurs. &#8211; Une planche de stickers pour animer les pages du cahier et\/ou d\u00e9corer toutes ses affaires. D\u00e8s 4 ans.<\/p>\n","protected":false},"excerpt":{"rendered":"<p>Un cahier d&rsquo;activit\u00e9s pour s&rsquo;amuser \u00e0 colorier les personnages du film Luca, et \u00e0 d\u00e9corer ses affaires avec les stickers<\/p>\n","protected":false},"featured_media":10489,"comment_status":"open","ping_status":"closed","template":"","meta":{"inline_featured_image":false},"product_cat":[215,210,200],"product_tag":[],"class_list":{"0":"post-10488","1":"product","2":"type-product","3":"status-publish","4":"has-post-thumbnail","6":"product_cat-enfant","7":"product_cat-activites-bebe-enfant","8":"product_cat-activites","10":"first","11":"instock","12":"shipping-taxable","13":"purchasable","14":"product-type-simple"},"_links":{"self":[{"href":"https:\/\/baralivres.ma\/index.php?rest_route=\/wp\/v2\/product\/10488","targetHints":{"allow":["GET"]}}],"collection":[{"href":"https:\/\/baralivres.ma\/index.php?rest_route=\/wp\/v2\/product"}],"about":[{"href":"https:\/\/baralivres.ma\/index.php?rest_route=\/wp\/v2\/types\/product"}],"replies":[{"embeddable":true,"href":"https:\/\/baralivres.ma\/index.php?rest_route=%2Fwp%2Fv2%2Fcomments&post=10488"}],"version-history":[{"count":1,"href":"https:\/\/baralivres.ma\/index.php?rest_route=\/wp\/v2\/product\/10488\/revisions"}],"predecessor-version":[{"id":10490,"href":"https:\/\/baralivres.ma\/index.php?rest_route=\/wp\/v2\/product\/10488\/revisions\/10490"}],"wp:featuredmedia":[{"embeddable":true,"href":"https:\/\/baralivres.ma\/index.php?rest_route=\/wp\/v2\/media\/10489"}],"wp:attachment":[{"href":"https:\/\/baralivres.ma\/index.php?rest_route=%2Fwp%2Fv2%2Fmedia&parent=10488"}],"wp:term":[{"taxonomy":"product_cat","embeddable":true,"href":"https:\/\/baralivres.ma\/index.php?rest_route=%2Fwp%2Fv2%2Fproduct_cat&post=10488"},{"taxonomy":"product_tag","embeddable":true,"href":"https:\/\/baralivres.ma\/index.php?rest_route=%2Fwp%2Fv2%2Fproduct_tag&post=10488"}],"curies":[{"name":"wp","href":"https:\/\/api.w.org\/{rel}","templated":true}]}}