{"id":10485,"date":"2023-08-25T16:06:46","date_gmt":"2023-08-25T15:06:46","guid":{"rendered":"https:\/\/baralivres.ma\/?post_type=product&#038;p=10485"},"modified":"2024-11-06T22:34:13","modified_gmt":"2024-11-06T21:34:13","slug":"raya-et-le-dernier-dragon","status":"publish","type":"product","link":"https:\/\/baralivres.ma\/?product=raya-et-le-dernier-dragon","title":{"rendered":"Raya et le dernier dragon"},"content":{"rendered":"<p>Un grand livre de coloriages avec les h\u00e9ros du film Raya et le Dernier Dragon ! Un cahier de 30 coloriages avec des illustrations soign\u00e9es et modernes, \u00e0 coloriser selon ses envies : des d\u00e9tails en couleurs pour favoriser l&rsquo;envie de cr\u00e9ativit\u00e9. Un papier \u00e9pais qui autorise le coloriage au crayon de couleur ou au feutre, sans transpercer.<\/p>\n","protected":false},"excerpt":{"rendered":"<p>Un grand livre de coloriages avec les h\u00e9ros du film Raya et le Dernier Dragon ! Un cahier de 30 coloriages<\/p>\n","protected":false},"featured_media":10486,"comment_status":"open","ping_status":"closed","template":"","meta":{"inline_featured_image":false},"product_cat":[210,200],"product_tag":[],"class_list":{"0":"post-10485","1":"product","2":"type-product","3":"status-publish","4":"has-post-thumbnail","6":"product_cat-activites-bebe-enfant","7":"product_cat-activites","9":"first","10":"instock","11":"shipping-taxable","12":"purchasable","13":"product-type-simple"},"_links":{"self":[{"href":"https:\/\/baralivres.ma\/index.php?rest_route=\/wp\/v2\/product\/10485","targetHints":{"allow":["GET"]}}],"collection":[{"href":"https:\/\/baralivres.ma\/index.php?rest_route=\/wp\/v2\/product"}],"about":[{"href":"https:\/\/baralivres.ma\/index.php?rest_route=\/wp\/v2\/types\/product"}],"replies":[{"embeddable":true,"href":"https:\/\/baralivres.ma\/index.php?rest_route=%2Fwp%2Fv2%2Fcomments&post=10485"}],"version-history":[{"count":1,"href":"https:\/\/baralivres.ma\/index.php?rest_route=\/wp\/v2\/product\/10485\/revisions"}],"predecessor-version":[{"id":10487,"href":"https:\/\/baralivres.ma\/index.php?rest_route=\/wp\/v2\/product\/10485\/revisions\/10487"}],"wp:featuredmedia":[{"embeddable":true,"href":"https:\/\/baralivres.ma\/index.php?rest_route=\/wp\/v2\/media\/10486"}],"wp:attachment":[{"href":"https:\/\/baralivres.ma\/index.php?rest_route=%2Fwp%2Fv2%2Fmedia&parent=10485"}],"wp:term":[{"taxonomy":"product_cat","embeddable":true,"href":"https:\/\/baralivres.ma\/index.php?rest_route=%2Fwp%2Fv2%2Fproduct_cat&post=10485"},{"taxonomy":"product_tag","embeddable":true,"href":"https:\/\/baralivres.ma\/index.php?rest_route=%2Fwp%2Fv2%2Fproduct_tag&post=10485"}],"curies":[{"name":"wp","href":"https:\/\/api.w.org\/{rel}","templated":true}]}}