{"id":10484,"date":"2023-08-25T16:10:51","date_gmt":"2023-08-25T15:10:51","guid":{"rendered":"https:\/\/baralivres.ma\/?post_type=product&#038;p=10484"},"modified":"2024-11-06T22:32:49","modified_gmt":"2024-11-06T21:32:49","slug":"masques-feeriques-avec-1-pinceau","status":"publish","type":"product","link":"https:\/\/baralivres.ma\/?product=masques-feeriques-avec-1-pinceau","title":{"rendered":"Masques f\u00e9eriques &#8211; Avec 1 pinceau"},"content":{"rendered":"<p>On fait de la peinture ? Avec de l&rsquo;eau et de la vraie peinture ? Quel plaisir pour les jeunes enfants ! Ce beau cahier grand format comporte 12 dessins avec 6 pastilles de peinture imprim\u00e9es dans le haut de chaque page. Il suffit de tremper le pinceau (fourni) dans un verre d&rsquo;eau et de pr\u00e9lever un peu de couleur. Les illustrations sont po\u00e9tiques, le papier est \u00e9pais et les pages sont d\u00e9tachables pour pouvoir afficher ou offrir ses tableaux.<br \/>\nUn chouette atelier pour d\u00e9couvrir les couleurs et leur m\u00e9lange.<\/p>\n","protected":false},"excerpt":{"rendered":"<p>On fait de la peinture ? Avec de l&rsquo;eau et de la vraie peinture ? Quel plaisir pour les jeunes enfants ! Ce beau cahier grand format comporte 12 dessins avec 6 pastilles de peinture imprim\u00e9es dans le haut de chaque page. Il suffit de tremper le pinceau (fourni) dans un verre d&rsquo;eau et de [&hellip;]<\/p>\n","protected":false},"featured_media":10493,"comment_status":"open","ping_status":"closed","template":"","meta":{"inline_featured_image":false},"product_cat":[210,200],"product_tag":[],"class_list":{"0":"post-10484","1":"product","2":"type-product","3":"status-publish","4":"has-post-thumbnail","6":"product_cat-activites-bebe-enfant","7":"product_cat-activites","9":"first","10":"instock","11":"shipping-taxable","12":"purchasable","13":"product-type-simple"},"_links":{"self":[{"href":"https:\/\/baralivres.ma\/index.php?rest_route=\/wp\/v2\/product\/10484","targetHints":{"allow":["GET"]}}],"collection":[{"href":"https:\/\/baralivres.ma\/index.php?rest_route=\/wp\/v2\/product"}],"about":[{"href":"https:\/\/baralivres.ma\/index.php?rest_route=\/wp\/v2\/types\/product"}],"replies":[{"embeddable":true,"href":"https:\/\/baralivres.ma\/index.php?rest_route=%2Fwp%2Fv2%2Fcomments&post=10484"}],"version-history":[{"count":1,"href":"https:\/\/baralivres.ma\/index.php?rest_route=\/wp\/v2\/product\/10484\/revisions"}],"predecessor-version":[{"id":10496,"href":"https:\/\/baralivres.ma\/index.php?rest_route=\/wp\/v2\/product\/10484\/revisions\/10496"}],"wp:featuredmedia":[{"embeddable":true,"href":"https:\/\/baralivres.ma\/index.php?rest_route=\/wp\/v2\/media\/10493"}],"wp:attachment":[{"href":"https:\/\/baralivres.ma\/index.php?rest_route=%2Fwp%2Fv2%2Fmedia&parent=10484"}],"wp:term":[{"taxonomy":"product_cat","embeddable":true,"href":"https:\/\/baralivres.ma\/index.php?rest_route=%2Fwp%2Fv2%2Fproduct_cat&post=10484"},{"taxonomy":"product_tag","embeddable":true,"href":"https:\/\/baralivres.ma\/index.php?rest_route=%2Fwp%2Fv2%2Fproduct_tag&post=10484"}],"curies":[{"name":"wp","href":"https:\/\/api.w.org\/{rel}","templated":true}]}}