{"id":10481,"date":"2023-08-25T16:04:39","date_gmt":"2023-08-25T15:04:39","guid":{"rendered":"https:\/\/baralivres.ma\/?post_type=product&#038;p=10481"},"modified":"2023-09-05T00:50:17","modified_gmt":"2023-09-04T23:50:17","slug":"mes-coloriages-disney","status":"publish","type":"product","link":"https:\/\/baralivres.ma\/?product=mes-coloriages-disney","title":{"rendered":"Mes coloriages Disney"},"content":{"rendered":"<p>Un cahier d&rsquo;activit\u00e9s pour s&rsquo;amuser \u00e0 colorier tous les h\u00e9ros Disney ! Un livre grand format de 32 pages qui propose des coloriages en noir et blanc, sur jolis fonds color\u00e9s. D\u00e8s 3 ans.<\/p>\n","protected":false},"excerpt":{"rendered":"<p>Un cahier d&rsquo;activit\u00e9s pour s&rsquo;amuser \u00e0 colorier tous les h\u00e9ros Disney ! Un livre grand format de 32 pages<\/p>\n","protected":false},"featured_media":0,"comment_status":"open","ping_status":"closed","template":"","meta":{"inline_featured_image":false},"product_cat":[15],"product_tag":[],"class_list":{"0":"post-10481","1":"product","2":"type-product","3":"status-publish","5":"product_cat-uncategorized","7":"first","8":"instock","9":"shipping-taxable","10":"purchasable","11":"product-type-simple"},"_links":{"self":[{"href":"https:\/\/baralivres.ma\/index.php?rest_route=\/wp\/v2\/product\/10481","targetHints":{"allow":["GET"]}}],"collection":[{"href":"https:\/\/baralivres.ma\/index.php?rest_route=\/wp\/v2\/product"}],"about":[{"href":"https:\/\/baralivres.ma\/index.php?rest_route=\/wp\/v2\/types\/product"}],"replies":[{"embeddable":true,"href":"https:\/\/baralivres.ma\/index.php?rest_route=%2Fwp%2Fv2%2Fcomments&post=10481"}],"version-history":[{"count":1,"href":"https:\/\/baralivres.ma\/index.php?rest_route=\/wp\/v2\/product\/10481\/revisions"}],"predecessor-version":[{"id":10483,"href":"https:\/\/baralivres.ma\/index.php?rest_route=\/wp\/v2\/product\/10481\/revisions\/10483"}],"wp:attachment":[{"href":"https:\/\/baralivres.ma\/index.php?rest_route=%2Fwp%2Fv2%2Fmedia&parent=10481"}],"wp:term":[{"taxonomy":"product_cat","embeddable":true,"href":"https:\/\/baralivres.ma\/index.php?rest_route=%2Fwp%2Fv2%2Fproduct_cat&post=10481"},{"taxonomy":"product_tag","embeddable":true,"href":"https:\/\/baralivres.ma\/index.php?rest_route=%2Fwp%2Fv2%2Fproduct_tag&post=10481"}],"curies":[{"name":"wp","href":"https:\/\/api.w.org\/{rel}","templated":true}]}}