{"id":10476,"date":"2023-08-25T16:02:43","date_gmt":"2023-08-25T15:02:43","guid":{"rendered":"https:\/\/baralivres.ma\/?post_type=product&#038;p=10476"},"modified":"2024-10-30T10:55:05","modified_gmt":"2024-10-30T09:55:05","slug":"la-reine-des-neiges-ii-2","status":"publish","type":"product","link":"https:\/\/baralivres.ma\/?product=la-reine-des-neiges-ii-2","title":{"rendered":"La Reine des Neiges II"},"content":{"rendered":"<p>Colorie tes h\u00e9ros pr\u00e9f\u00e9r\u00e9s gr\u00e2ce aux mod\u00e8les en couleurs. Amuse-toi \u00e0 d\u00e9corer les pages de ton livre avec tes super stickers !<\/p>\n","protected":false},"excerpt":{"rendered":"<p>Colorie tes h\u00e9ros pr\u00e9f\u00e9r\u00e9s gr\u00e2ce aux mod\u00e8les en couleurs. Amuse-toi \u00e0 d\u00e9corer les pages de ton livre avec tes super stickers !<\/p>\n","protected":false},"featured_media":10477,"comment_status":"open","ping_status":"closed","template":"","meta":{"inline_featured_image":false},"product_cat":[215,210,200],"product_tag":[],"class_list":{"0":"post-10476","1":"product","2":"type-product","3":"status-publish","4":"has-post-thumbnail","6":"product_cat-enfant","7":"product_cat-activites-bebe-enfant","8":"product_cat-activites","10":"first","11":"instock","12":"shipping-taxable","13":"purchasable","14":"product-type-simple"},"_links":{"self":[{"href":"https:\/\/baralivres.ma\/index.php?rest_route=\/wp\/v2\/product\/10476","targetHints":{"allow":["GET"]}}],"collection":[{"href":"https:\/\/baralivres.ma\/index.php?rest_route=\/wp\/v2\/product"}],"about":[{"href":"https:\/\/baralivres.ma\/index.php?rest_route=\/wp\/v2\/types\/product"}],"replies":[{"embeddable":true,"href":"https:\/\/baralivres.ma\/index.php?rest_route=%2Fwp%2Fv2%2Fcomments&post=10476"}],"version-history":[{"count":1,"href":"https:\/\/baralivres.ma\/index.php?rest_route=\/wp\/v2\/product\/10476\/revisions"}],"predecessor-version":[{"id":10479,"href":"https:\/\/baralivres.ma\/index.php?rest_route=\/wp\/v2\/product\/10476\/revisions\/10479"}],"wp:featuredmedia":[{"embeddable":true,"href":"https:\/\/baralivres.ma\/index.php?rest_route=\/wp\/v2\/media\/10477"}],"wp:attachment":[{"href":"https:\/\/baralivres.ma\/index.php?rest_route=%2Fwp%2Fv2%2Fmedia&parent=10476"}],"wp:term":[{"taxonomy":"product_cat","embeddable":true,"href":"https:\/\/baralivres.ma\/index.php?rest_route=%2Fwp%2Fv2%2Fproduct_cat&post=10476"},{"taxonomy":"product_tag","embeddable":true,"href":"https:\/\/baralivres.ma\/index.php?rest_route=%2Fwp%2Fv2%2Fproduct_tag&post=10476"}],"curies":[{"name":"wp","href":"https:\/\/api.w.org\/{rel}","templated":true}]}}