{"id":10473,"date":"2023-08-25T16:04:14","date_gmt":"2023-08-25T15:04:14","guid":{"rendered":"https:\/\/baralivres.ma\/?post_type=product&#038;p=10473"},"modified":"2024-11-06T22:34:40","modified_gmt":"2024-11-06T21:34:40","slug":"bebes-animaux-avec-1-pinceau","status":"publish","type":"product","link":"https:\/\/baralivres.ma\/?product=bebes-animaux-avec-1-pinceau","title":{"rendered":"B\u00c9B\u00c9S ANIMAUX: Avec 1 pinceau"},"content":{"rendered":"<h2 class=\"titreDescription col-xs-12 no-padding\"><span style=\"font-size: 16px\">On fait de la peinture ? Avec de l&rsquo;eau et de la vraie peinture ? Quel plaisir pour les jeunes enfants ! Avec ce bloc de 12 dessins, il suffit de tremper le pinceau (fourni) dans un verre d&rsquo;eau et de le passer sur les six pastilles imprim\u00e9es dans le <\/span><span id=\"js-showResume\" class=\"showResume\" style=\"font-size: 16px\">haut de chaque page pour pr\u00e9lever un peu de couleur. Les illustrations sont po\u00e9tiques, le papier est \u00e9pais et les pages sont d\u00e9tachables pour pouvoir afficher ou offrir ses tableaux. Un chouette atelier pour d\u00e9couvrir les couleurs et leur m\u00e9lange.<\/span><\/h2>\n<div id=\"productDescription\" class=\"col-xs-12 no-padding\">\n<div class=\"productDescription col-xs-12\">\n<div class=\"productDescription-content col-xs-12\">\n<p class=\"description\">\n<\/div>\n<\/div>\n<\/div>\n","protected":false},"excerpt":{"rendered":"<p>On fait de la peinture ? Avec de l&rsquo;eau et de la vraie peinture ? Quel plaisir pour les jeunes enfants ! Avec ce bloc de 12 dessins, il suffit de tremper le pinceau (fourni) dans un verre d&rsquo;eau et de le passer sur les six pastilles imprim\u00e9es dans le haut de chaque page pour [&hellip;]<\/p>\n","protected":false},"featured_media":10480,"comment_status":"open","ping_status":"closed","template":"","meta":{"inline_featured_image":false},"product_cat":[210,200],"product_tag":[],"class_list":{"0":"post-10473","1":"product","2":"type-product","3":"status-publish","4":"has-post-thumbnail","6":"product_cat-activites-bebe-enfant","7":"product_cat-activites","9":"first","10":"instock","11":"shipping-taxable","12":"purchasable","13":"product-type-simple"},"_links":{"self":[{"href":"https:\/\/baralivres.ma\/index.php?rest_route=\/wp\/v2\/product\/10473","targetHints":{"allow":["GET"]}}],"collection":[{"href":"https:\/\/baralivres.ma\/index.php?rest_route=\/wp\/v2\/product"}],"about":[{"href":"https:\/\/baralivres.ma\/index.php?rest_route=\/wp\/v2\/types\/product"}],"replies":[{"embeddable":true,"href":"https:\/\/baralivres.ma\/index.php?rest_route=%2Fwp%2Fv2%2Fcomments&post=10473"}],"version-history":[{"count":1,"href":"https:\/\/baralivres.ma\/index.php?rest_route=\/wp\/v2\/product\/10473\/revisions"}],"predecessor-version":[{"id":10482,"href":"https:\/\/baralivres.ma\/index.php?rest_route=\/wp\/v2\/product\/10473\/revisions\/10482"}],"wp:featuredmedia":[{"embeddable":true,"href":"https:\/\/baralivres.ma\/index.php?rest_route=\/wp\/v2\/media\/10480"}],"wp:attachment":[{"href":"https:\/\/baralivres.ma\/index.php?rest_route=%2Fwp%2Fv2%2Fmedia&parent=10473"}],"wp:term":[{"taxonomy":"product_cat","embeddable":true,"href":"https:\/\/baralivres.ma\/index.php?rest_route=%2Fwp%2Fv2%2Fproduct_cat&post=10473"},{"taxonomy":"product_tag","embeddable":true,"href":"https:\/\/baralivres.ma\/index.php?rest_route=%2Fwp%2Fv2%2Fproduct_tag&post=10473"}],"curies":[{"name":"wp","href":"https:\/\/api.w.org\/{rel}","templated":true}]}}