{"id":10469,"date":"2023-08-25T15:55:50","date_gmt":"2023-08-25T14:55:50","guid":{"rendered":"https:\/\/baralivres.ma\/?post_type=product&#038;p=10469"},"modified":"2024-11-06T22:35:57","modified_gmt":"2024-11-06T21:35:57","slug":"la-reine-des-neiges-2-special-olaf","status":"publish","type":"product","link":"https:\/\/baralivres.ma\/?product=la-reine-des-neiges-2-special-olaf","title":{"rendered":"La Reine des Neiges 2 &#8211; Sp\u00e9cial Olaf"},"content":{"rendered":"<p>Un grand livre de coloriages avec des illustrations soign\u00e9es et modernes, \u00e0 coloriser selon ses envies ! Un cahier grand format de 32 pages qui propose des coloriages en noir et blanc accompagn\u00e9s de mod\u00e8les en couleurs. Les enfants retrouvent Olaf et ses amis dans de jolis d\u00e9cors. Le papier est \u00e9pais, id\u00e9al pour le coloriage au feutre. D\u00e8s 6 ans.<\/p>\n","protected":false},"excerpt":{"rendered":"<p>Un grand livre de coloriages avec des illustrations soign\u00e9es et modernes, \u00e0 coloriser selon ses envies ! Un cahier grand format de 32 pages<\/p>\n","protected":false},"featured_media":10470,"comment_status":"open","ping_status":"closed","template":"","meta":{"inline_featured_image":false},"product_cat":[210,200],"product_tag":[],"class_list":{"0":"post-10469","1":"product","2":"type-product","3":"status-publish","4":"has-post-thumbnail","6":"product_cat-activites-bebe-enfant","7":"product_cat-activites","9":"first","10":"instock","11":"shipping-taxable","12":"purchasable","13":"product-type-simple"},"_links":{"self":[{"href":"https:\/\/baralivres.ma\/index.php?rest_route=\/wp\/v2\/product\/10469","targetHints":{"allow":["GET"]}}],"collection":[{"href":"https:\/\/baralivres.ma\/index.php?rest_route=\/wp\/v2\/product"}],"about":[{"href":"https:\/\/baralivres.ma\/index.php?rest_route=\/wp\/v2\/types\/product"}],"replies":[{"embeddable":true,"href":"https:\/\/baralivres.ma\/index.php?rest_route=%2Fwp%2Fv2%2Fcomments&post=10469"}],"version-history":[{"count":1,"href":"https:\/\/baralivres.ma\/index.php?rest_route=\/wp\/v2\/product\/10469\/revisions"}],"predecessor-version":[{"id":10471,"href":"https:\/\/baralivres.ma\/index.php?rest_route=\/wp\/v2\/product\/10469\/revisions\/10471"}],"wp:featuredmedia":[{"embeddable":true,"href":"https:\/\/baralivres.ma\/index.php?rest_route=\/wp\/v2\/media\/10470"}],"wp:attachment":[{"href":"https:\/\/baralivres.ma\/index.php?rest_route=%2Fwp%2Fv2%2Fmedia&parent=10469"}],"wp:term":[{"taxonomy":"product_cat","embeddable":true,"href":"https:\/\/baralivres.ma\/index.php?rest_route=%2Fwp%2Fv2%2Fproduct_cat&post=10469"},{"taxonomy":"product_tag","embeddable":true,"href":"https:\/\/baralivres.ma\/index.php?rest_route=%2Fwp%2Fv2%2Fproduct_tag&post=10469"}],"curies":[{"name":"wp","href":"https:\/\/api.w.org\/{rel}","templated":true}]}}