{"id":10466,"date":"2023-08-25T15:52:48","date_gmt":"2023-08-25T14:52:48","guid":{"rendered":"https:\/\/baralivres.ma\/?post_type=product&#038;p=10466"},"modified":"2024-11-06T22:36:32","modified_gmt":"2024-11-06T21:36:32","slug":"cest-lete-disney-princesses","status":"publish","type":"product","link":"https:\/\/baralivres.ma\/?product=cest-lete-disney-princesses","title":{"rendered":"C&rsquo;est l&rsquo;\u00e9t\u00e9 &#8211; Disney Princesses"},"content":{"rendered":"<p>Plonge dans un monde de f\u00e9erie et de magie gr\u00e2ce \u00e0 ce livre de coloriages. Retrouve vite tes princesses pr\u00e9f\u00e9r\u00e9es et amuse-toi \u00e0 leur donner de superbes couleurs. A tes crayons !<\/p>\n","protected":false},"excerpt":{"rendered":"<p>Plonge dans un monde de f\u00e9erie et de magie gr\u00e2ce \u00e0 ce livre de coloriages. Retrouve vite tes princesses pr\u00e9f\u00e9r\u00e9es et amuse-toi \u00e0 leur donner de superbes couleurs. A tes crayons !<\/p>\n","protected":false},"featured_media":10467,"comment_status":"open","ping_status":"closed","template":"","meta":{"inline_featured_image":false},"product_cat":[210,200],"product_tag":[],"class_list":{"0":"post-10466","1":"product","2":"type-product","3":"status-publish","4":"has-post-thumbnail","6":"product_cat-activites-bebe-enfant","7":"product_cat-activites","9":"first","10":"instock","11":"shipping-taxable","12":"purchasable","13":"product-type-simple"},"_links":{"self":[{"href":"https:\/\/baralivres.ma\/index.php?rest_route=\/wp\/v2\/product\/10466","targetHints":{"allow":["GET"]}}],"collection":[{"href":"https:\/\/baralivres.ma\/index.php?rest_route=\/wp\/v2\/product"}],"about":[{"href":"https:\/\/baralivres.ma\/index.php?rest_route=\/wp\/v2\/types\/product"}],"replies":[{"embeddable":true,"href":"https:\/\/baralivres.ma\/index.php?rest_route=%2Fwp%2Fv2%2Fcomments&post=10466"}],"version-history":[{"count":1,"href":"https:\/\/baralivres.ma\/index.php?rest_route=\/wp\/v2\/product\/10466\/revisions"}],"predecessor-version":[{"id":10468,"href":"https:\/\/baralivres.ma\/index.php?rest_route=\/wp\/v2\/product\/10466\/revisions\/10468"}],"wp:featuredmedia":[{"embeddable":true,"href":"https:\/\/baralivres.ma\/index.php?rest_route=\/wp\/v2\/media\/10467"}],"wp:attachment":[{"href":"https:\/\/baralivres.ma\/index.php?rest_route=%2Fwp%2Fv2%2Fmedia&parent=10466"}],"wp:term":[{"taxonomy":"product_cat","embeddable":true,"href":"https:\/\/baralivres.ma\/index.php?rest_route=%2Fwp%2Fv2%2Fproduct_cat&post=10466"},{"taxonomy":"product_tag","embeddable":true,"href":"https:\/\/baralivres.ma\/index.php?rest_route=%2Fwp%2Fv2%2Fproduct_tag&post=10466"}],"curies":[{"name":"wp","href":"https:\/\/api.w.org\/{rel}","templated":true}]}}