{"id":10452,"date":"2023-08-25T15:45:58","date_gmt":"2023-08-25T14:45:58","guid":{"rendered":"https:\/\/baralivres.ma\/?post_type=product&#038;p=10452"},"modified":"2024-11-06T22:38:48","modified_gmt":"2024-11-06T21:38:48","slug":"star-wars-le-dernier-jedi","status":"publish","type":"product","link":"https:\/\/baralivres.ma\/?product=star-wars-le-dernier-jedi","title":{"rendered":"Star Wars &#8211; Le dernier Jedi"},"content":{"rendered":"<p>Plonge au coeur d&rsquo;une galaxie lointaine, tr\u00e8s lointaine et colorie tous tes personnages pr\u00e9f\u00e9r\u00e9s des films VIII : Les Derniers Jedi et XI : L&rsquo;Ascension de Skywalker. Un papier blanc et suffisamment \u00e9pais pour le coloriage au feutre.<\/p>\n","protected":false},"excerpt":{"rendered":"<p>Plonge au coeur d&rsquo;une galaxie lointaine, tr\u00e8s lointaine et colorie tous tes personnages pr\u00e9f\u00e9r\u00e9s des films VIII<\/p>\n","protected":false},"featured_media":10453,"comment_status":"open","ping_status":"closed","template":"","meta":{"inline_featured_image":false},"product_cat":[210,200],"product_tag":[],"class_list":{"0":"post-10452","1":"product","2":"type-product","3":"status-publish","4":"has-post-thumbnail","6":"product_cat-activites-bebe-enfant","7":"product_cat-activites","9":"first","10":"instock","11":"shipping-taxable","12":"purchasable","13":"product-type-simple"},"_links":{"self":[{"href":"https:\/\/baralivres.ma\/index.php?rest_route=\/wp\/v2\/product\/10452","targetHints":{"allow":["GET"]}}],"collection":[{"href":"https:\/\/baralivres.ma\/index.php?rest_route=\/wp\/v2\/product"}],"about":[{"href":"https:\/\/baralivres.ma\/index.php?rest_route=\/wp\/v2\/types\/product"}],"replies":[{"embeddable":true,"href":"https:\/\/baralivres.ma\/index.php?rest_route=%2Fwp%2Fv2%2Fcomments&post=10452"}],"version-history":[{"count":1,"href":"https:\/\/baralivres.ma\/index.php?rest_route=\/wp\/v2\/product\/10452\/revisions"}],"predecessor-version":[{"id":10454,"href":"https:\/\/baralivres.ma\/index.php?rest_route=\/wp\/v2\/product\/10452\/revisions\/10454"}],"wp:featuredmedia":[{"embeddable":true,"href":"https:\/\/baralivres.ma\/index.php?rest_route=\/wp\/v2\/media\/10453"}],"wp:attachment":[{"href":"https:\/\/baralivres.ma\/index.php?rest_route=%2Fwp%2Fv2%2Fmedia&parent=10452"}],"wp:term":[{"taxonomy":"product_cat","embeddable":true,"href":"https:\/\/baralivres.ma\/index.php?rest_route=%2Fwp%2Fv2%2Fproduct_cat&post=10452"},{"taxonomy":"product_tag","embeddable":true,"href":"https:\/\/baralivres.ma\/index.php?rest_route=%2Fwp%2Fv2%2Fproduct_tag&post=10452"}],"curies":[{"name":"wp","href":"https:\/\/api.w.org\/{rel}","templated":true}]}}