{"id":10447,"date":"2023-08-25T15:43:05","date_gmt":"2023-08-25T14:43:05","guid":{"rendered":"https:\/\/baralivres.ma\/?post_type=product&#038;p=10447"},"modified":"2024-11-06T22:39:12","modified_gmt":"2024-11-06T21:39:12","slug":"super-colos-vampirina","status":"publish","type":"product","link":"https:\/\/baralivres.ma\/?product=super-colos-vampirina","title":{"rendered":"Super colos Vampirina"},"content":{"rendered":"<p>Un grand cahier de 60 coloriages des h\u00e9ros de Vampirina, la s\u00e9rie TV Disney Junior (Vampirina, Poppy, Demi, etc.) : sur chaque double page, une grande illustration \u00e0 colorier et en regard son mod\u00e8le en couleurs. D\u00e8s 3 ans.<\/p>\n","protected":false},"excerpt":{"rendered":"<p>Un grand cahier de 60 coloriages des h\u00e9ros de Vampirina, la s\u00e9rie TV Disney Junior (Vampirina, Poppy, Demi, etc.)<\/p>\n","protected":false},"featured_media":10449,"comment_status":"open","ping_status":"closed","template":"","meta":{"inline_featured_image":false},"product_cat":[210,200],"product_tag":[],"class_list":{"0":"post-10447","1":"product","2":"type-product","3":"status-publish","4":"has-post-thumbnail","6":"product_cat-activites-bebe-enfant","7":"product_cat-activites","9":"first","10":"instock","11":"shipping-taxable","12":"purchasable","13":"product-type-simple"},"_links":{"self":[{"href":"https:\/\/baralivres.ma\/index.php?rest_route=\/wp\/v2\/product\/10447","targetHints":{"allow":["GET"]}}],"collection":[{"href":"https:\/\/baralivres.ma\/index.php?rest_route=\/wp\/v2\/product"}],"about":[{"href":"https:\/\/baralivres.ma\/index.php?rest_route=\/wp\/v2\/types\/product"}],"replies":[{"embeddable":true,"href":"https:\/\/baralivres.ma\/index.php?rest_route=%2Fwp%2Fv2%2Fcomments&post=10447"}],"version-history":[{"count":1,"href":"https:\/\/baralivres.ma\/index.php?rest_route=\/wp\/v2\/product\/10447\/revisions"}],"predecessor-version":[{"id":10450,"href":"https:\/\/baralivres.ma\/index.php?rest_route=\/wp\/v2\/product\/10447\/revisions\/10450"}],"wp:featuredmedia":[{"embeddable":true,"href":"https:\/\/baralivres.ma\/index.php?rest_route=\/wp\/v2\/media\/10449"}],"wp:attachment":[{"href":"https:\/\/baralivres.ma\/index.php?rest_route=%2Fwp%2Fv2%2Fmedia&parent=10447"}],"wp:term":[{"taxonomy":"product_cat","embeddable":true,"href":"https:\/\/baralivres.ma\/index.php?rest_route=%2Fwp%2Fv2%2Fproduct_cat&post=10447"},{"taxonomy":"product_tag","embeddable":true,"href":"https:\/\/baralivres.ma\/index.php?rest_route=%2Fwp%2Fv2%2Fproduct_tag&post=10447"}],"curies":[{"name":"wp","href":"https:\/\/api.w.org\/{rel}","templated":true}]}}