{"id":10444,"date":"2023-08-25T15:42:15","date_gmt":"2023-08-25T14:42:15","guid":{"rendered":"https:\/\/baralivres.ma\/?post_type=product&#038;p=10444"},"modified":"2024-10-29T13:35:45","modified_gmt":"2024-10-29T12:35:45","slug":"la-jungle-avec-5-puzzles-grand-format","status":"publish","type":"product","link":"https:\/\/baralivres.ma\/?product=la-jungle-avec-5-puzzles-grand-format","title":{"rendered":"La jungle &#8211; Avec 5 puzzles grand format"},"content":{"rendered":"<p>Qui a une longue langue gluante ? C&rsquo;est le cam\u00e9l\u00e9on ! Ce coffret contient un livre en carton \u00e9pais et 5 puzzles \u00e0 offrir aux jeunes enfants pour leur faire d\u00e9couvrir la jungle. Les puzzles ont des surfaces \u00e0 toucher en silicone : picots, bulles, vaguelettes, elles sont toutes douces et de textures diff\u00e9rentes. une activit\u00e9 sensorielle pour d\u00e9couvrir de nouvelles mati\u00e8res et apprendre \u00e0 se concentrer.<\/p>\n","protected":false},"excerpt":{"rendered":"<p>Qui a une longue langue gluante ? C&rsquo;est le cam\u00e9l\u00e9on ! Ce coffret contient un livre en carton \u00e9pais et 5 puzzles \u00e0 offrir aux jeunes enfants pour leur faire d\u00e9couvrir la jungle. Les puzzles ont des surfaces \u00e0 toucher en silicone : picots, bulles, vaguelettes, elles sont toutes douces et de textures diff\u00e9rentes. une [&hellip;]<\/p>\n","protected":false},"featured_media":10446,"comment_status":"open","ping_status":"closed","template":"","meta":{"inline_featured_image":false},"product_cat":[3875,201,212,200],"product_tag":[],"class_list":{"0":"post-10444","1":"product","2":"type-product","3":"status-publish","4":"has-post-thumbnail","6":"product_cat-coffret-francais","7":"product_cat-coffret","8":"product_cat-puzzle","9":"product_cat-activites","11":"first","12":"instock","13":"shipping-taxable","14":"purchasable","15":"product-type-simple"},"_links":{"self":[{"href":"https:\/\/baralivres.ma\/index.php?rest_route=\/wp\/v2\/product\/10444","targetHints":{"allow":["GET"]}}],"collection":[{"href":"https:\/\/baralivres.ma\/index.php?rest_route=\/wp\/v2\/product"}],"about":[{"href":"https:\/\/baralivres.ma\/index.php?rest_route=\/wp\/v2\/types\/product"}],"replies":[{"embeddable":true,"href":"https:\/\/baralivres.ma\/index.php?rest_route=%2Fwp%2Fv2%2Fcomments&post=10444"}],"version-history":[{"count":1,"href":"https:\/\/baralivres.ma\/index.php?rest_route=\/wp\/v2\/product\/10444\/revisions"}],"predecessor-version":[{"id":10448,"href":"https:\/\/baralivres.ma\/index.php?rest_route=\/wp\/v2\/product\/10444\/revisions\/10448"}],"wp:featuredmedia":[{"embeddable":true,"href":"https:\/\/baralivres.ma\/index.php?rest_route=\/wp\/v2\/media\/10446"}],"wp:attachment":[{"href":"https:\/\/baralivres.ma\/index.php?rest_route=%2Fwp%2Fv2%2Fmedia&parent=10444"}],"wp:term":[{"taxonomy":"product_cat","embeddable":true,"href":"https:\/\/baralivres.ma\/index.php?rest_route=%2Fwp%2Fv2%2Fproduct_cat&post=10444"},{"taxonomy":"product_tag","embeddable":true,"href":"https:\/\/baralivres.ma\/index.php?rest_route=%2Fwp%2Fv2%2Fproduct_tag&post=10444"}],"curies":[{"name":"wp","href":"https:\/\/api.w.org\/{rel}","templated":true}]}}