{"id":10442,"date":"2023-08-25T15:41:18","date_gmt":"2023-08-25T14:41:18","guid":{"rendered":"https:\/\/baralivres.ma\/?post_type=product&#038;p=10442"},"modified":"2024-11-06T22:39:46","modified_gmt":"2024-11-06T21:39:46","slug":"super-colos-disney-princesses","status":"publish","type":"product","link":"https:\/\/baralivres.ma\/?product=super-colos-disney-princesses","title":{"rendered":"Super colos Disney Princesses"},"content":{"rendered":"<p>Un grand livre contenant de 60 coloriages princesses l\u00e9gendaires des films Disney ! &#8211; Sur chaque double page, une grande illustration \u00e0 colorier et en regard son mod\u00e8le en couleurs. &#8211; Un papier blanc et suffisamment \u00e9pais pour le coloriage au feutre. D\u00e8s 4 ans.<\/p>\n","protected":false},"excerpt":{"rendered":"<p>Un grand livre contenant de 60 coloriages princesses l\u00e9gendaires des films Disney !<\/p>\n","protected":false},"featured_media":10443,"comment_status":"open","ping_status":"closed","template":"","meta":{"inline_featured_image":false},"product_cat":[210,200],"product_tag":[],"class_list":{"0":"post-10442","1":"product","2":"type-product","3":"status-publish","4":"has-post-thumbnail","6":"product_cat-activites-bebe-enfant","7":"product_cat-activites","9":"first","10":"instock","11":"shipping-taxable","12":"purchasable","13":"product-type-simple"},"_links":{"self":[{"href":"https:\/\/baralivres.ma\/index.php?rest_route=\/wp\/v2\/product\/10442","targetHints":{"allow":["GET"]}}],"collection":[{"href":"https:\/\/baralivres.ma\/index.php?rest_route=\/wp\/v2\/product"}],"about":[{"href":"https:\/\/baralivres.ma\/index.php?rest_route=\/wp\/v2\/types\/product"}],"replies":[{"embeddable":true,"href":"https:\/\/baralivres.ma\/index.php?rest_route=%2Fwp%2Fv2%2Fcomments&post=10442"}],"version-history":[{"count":1,"href":"https:\/\/baralivres.ma\/index.php?rest_route=\/wp\/v2\/product\/10442\/revisions"}],"predecessor-version":[{"id":10445,"href":"https:\/\/baralivres.ma\/index.php?rest_route=\/wp\/v2\/product\/10442\/revisions\/10445"}],"wp:featuredmedia":[{"embeddable":true,"href":"https:\/\/baralivres.ma\/index.php?rest_route=\/wp\/v2\/media\/10443"}],"wp:attachment":[{"href":"https:\/\/baralivres.ma\/index.php?rest_route=%2Fwp%2Fv2%2Fmedia&parent=10442"}],"wp:term":[{"taxonomy":"product_cat","embeddable":true,"href":"https:\/\/baralivres.ma\/index.php?rest_route=%2Fwp%2Fv2%2Fproduct_cat&post=10442"},{"taxonomy":"product_tag","embeddable":true,"href":"https:\/\/baralivres.ma\/index.php?rest_route=%2Fwp%2Fv2%2Fproduct_tag&post=10442"}],"curies":[{"name":"wp","href":"https:\/\/api.w.org\/{rel}","templated":true}]}}