{"id":10437,"date":"2023-08-25T15:39:18","date_gmt":"2023-08-25T14:39:18","guid":{"rendered":"https:\/\/baralivres.ma\/?post_type=product&#038;p=10437"},"modified":"2024-11-06T22:40:14","modified_gmt":"2024-11-06T21:40:14","slug":"super-colos-disney-princesses-cendrillon","status":"publish","type":"product","link":"https:\/\/baralivres.ma\/?product=super-colos-disney-princesses-cendrillon","title":{"rendered":"Super colos Disney princesses Cendrillon"},"content":{"rendered":"<p>Un grand cahier de 60 coloriages de Cendrillon et ses amis : sur chaque double page, une grande illustration \u00e0 colorier et en regard son mod\u00e8le en couleurs. D\u00e8s 3 ans.<\/p>\n","protected":false},"excerpt":{"rendered":"<p>Un grand cahier de 60 coloriages de Cendrillon et ses amis<\/p>\n","protected":false},"featured_media":10440,"comment_status":"open","ping_status":"closed","template":"","meta":{"inline_featured_image":false},"product_cat":[210,200],"product_tag":[],"class_list":{"0":"post-10437","1":"product","2":"type-product","3":"status-publish","4":"has-post-thumbnail","6":"product_cat-activites-bebe-enfant","7":"product_cat-activites","9":"first","10":"instock","11":"shipping-taxable","12":"purchasable","13":"product-type-simple"},"_links":{"self":[{"href":"https:\/\/baralivres.ma\/index.php?rest_route=\/wp\/v2\/product\/10437","targetHints":{"allow":["GET"]}}],"collection":[{"href":"https:\/\/baralivres.ma\/index.php?rest_route=\/wp\/v2\/product"}],"about":[{"href":"https:\/\/baralivres.ma\/index.php?rest_route=\/wp\/v2\/types\/product"}],"replies":[{"embeddable":true,"href":"https:\/\/baralivres.ma\/index.php?rest_route=%2Fwp%2Fv2%2Fcomments&post=10437"}],"version-history":[{"count":1,"href":"https:\/\/baralivres.ma\/index.php?rest_route=\/wp\/v2\/product\/10437\/revisions"}],"predecessor-version":[{"id":10441,"href":"https:\/\/baralivres.ma\/index.php?rest_route=\/wp\/v2\/product\/10437\/revisions\/10441"}],"wp:featuredmedia":[{"embeddable":true,"href":"https:\/\/baralivres.ma\/index.php?rest_route=\/wp\/v2\/media\/10440"}],"wp:attachment":[{"href":"https:\/\/baralivres.ma\/index.php?rest_route=%2Fwp%2Fv2%2Fmedia&parent=10437"}],"wp:term":[{"taxonomy":"product_cat","embeddable":true,"href":"https:\/\/baralivres.ma\/index.php?rest_route=%2Fwp%2Fv2%2Fproduct_cat&post=10437"},{"taxonomy":"product_tag","embeddable":true,"href":"https:\/\/baralivres.ma\/index.php?rest_route=%2Fwp%2Fv2%2Fproduct_tag&post=10437"}],"curies":[{"name":"wp","href":"https:\/\/api.w.org\/{rel}","templated":true}]}}